{"id":3998,"date":"2019-02-11T16:37:39","date_gmt":"2019-02-11T16:37:39","guid":{"rendered":"https:\/\/eurocontainer.es\/productos\/uncategorized\/tank-containers\/"},"modified":"2021-02-24T11:46:55","modified_gmt":"2021-02-24T11:46:55","slug":"tank-containers","status":"publish","type":"product","link":"https:\/\/eurocontainer.es\/en\/containers\/tank-containers\/tank-containers\/","title":{"rendered":"Tank-containers"},"content":{"rendered":"","protected":false},"excerpt":{"rendered":"<p>These type of Containers are the perfect solution for the transport: liquids, gases, powders\/granulates, foodstuffs, cryogenics, etc.<img decoding=\"async\" loading=\"lazy\" class=\"size-full wp-image-3406 alignright\" src=\"https:\/\/eurocontainer.es\/wp-content\/uploads\/2019\/02\/client_3.png\" alt=\"\" width=\"268\" height=\"60\" \/><\/p>\n<p>At Multitank we manufacture all kinds of new tank containers in accordance with our customers wishes, the applicable regulations and the product to be transported.<\/p>\n<ul>\n<li><strong>ISO<\/strong><em>(10, 20, 30 or 40 ft.), Swap Tanks (Symmetrical, Asymmetrical); Offshore<\/em><\/li>\n<li><strong>2. Under following standards: <\/strong><em>IMDG, ADR\/RID, US-DOT, CSC, TPED, PED, ATP, DNV 2.7, Transport Canada, ISO, TIR<\/em><\/li>\n<li><strong>3. For<\/strong><em> liquid chemicals, gas chemicals, corrosives, high temperature, cryogenics, foodstuffs, powders.<\/em><\/li>\n<li><strong>4. Specials: <\/strong><em>Tailor-made designs<\/em><\/li>\n<\/ul>\n<ul>\n<li><strong>ISO <\/strong><em>(10&#8242;, 20&#8242;,30&#8242;, 40&#8242;), Cajas M\u00f3viles (Sim\u00e9tricas, Asim\u00e9tricas), Offshore.<\/em><\/li>\n<\/ul>\n<p>&nbsp;<\/p>\n","protected":false},"featured_media":4001,"template":"","meta":[],"product_cat":[114,82],"product_tag":[],"aioseo_notices":[],"_links":{"self":[{"href":"https:\/\/eurocontainer.es\/en\/wp-json\/wp\/v2\/product\/3998"}],"collection":[{"href":"https:\/\/eurocontainer.es\/en\/wp-json\/wp\/v2\/product"}],"about":[{"href":"https:\/\/eurocontainer.es\/en\/wp-json\/wp\/v2\/types\/product"}],"wp:featuredmedia":[{"embeddable":true,"href":"https:\/\/eurocontainer.es\/en\/wp-json\/wp\/v2\/media\/4001"}],"wp:attachment":[{"href":"https:\/\/eurocontainer.es\/en\/wp-json\/wp\/v2\/media?parent=3998"}],"wp:term":[{"taxonomy":"product_cat","embeddable":true,"href":"https:\/\/eurocontainer.es\/en\/wp-json\/wp\/v2\/product_cat?post=3998"},{"taxonomy":"product_tag","embeddable":true,"href":"https:\/\/eurocontainer.es\/en\/wp-json\/wp\/v2\/product_tag?post=3998"}],"curies":[{"name":"wp","href":"https:\/\/api.w.org\/{rel}","templated":true}]}}