{"id":3657,"date":"2018-12-19T14:34:34","date_gmt":"2018-12-19T14:34:34","guid":{"rendered":"https:\/\/eurocontainer.es\/aviso-legal\/"},"modified":"2019-02-14T10:54:18","modified_gmt":"2019-02-14T10:54:18","slug":"avis-juridique","status":"publish","type":"page","link":"https:\/\/eurocontainer.es\/fr\/avis-juridique\/","title":{"rendered":"Avis juridique"},"content":{"rendered":"<section id=\"bt_section69e11b8932d2c\"  class=\"boldSection gutter \" ><div class=\"port\"><div class=\"boldCell\"><div class=\"boldCellInner\"><div class=\"boldRow \" ><div class=\"boldRowInner\"><div class=\"rowItem col-md-6 col-sm-12 btTextLeft\"  data-width=\"6\"><div class=\"rowItemContent\" ><div class=\"btText\" ><p>AVISO LEGAL<\/p>\n<p>Carrocer\u00edas Vicente Salom\u00f3n S.L., con domicilio social en Zaragoza, CIF Bxxxxxxxx pone a disposici\u00f3n de los usuarios y visitantes el acceso y la utilizaci\u00f3n de la Web www.eurocontainer.es y le informa de las implicaciones y condiciones de uso.<\/p>\n<p>Este sitio y todo el material contenido en el mismo est\u00e1 protegido por los derechos de propiedad intelectual y\/o industrial, y son propiedad de Carrocer\u00edas Vicente Salom\u00f3n S.L. o de terceros. Por ello, los usuarios no pueden modificar, copiar, reproducir, transmitir, distribuir, publicar, crear obras derivadas, exhibir ni de otro modo transferir o explotar comercialmente ning\u00fan material incluido en este sitio, en su totalidad o en parte.<\/p>\n<p>Carrocer\u00edas Vicente Salom\u00f3n S.L. excluye cualquier responsabilidad por los da\u00f1os y perjuicios de cualquier naturaleza que pudieran derivarse la incorrecta utilizaci\u00f3n de los servicios y de los contenidos por parte de los usuarios.<\/p>\n<p>Carrocer\u00edas Vicente Salom\u00f3n S.L. se reserva el derecho a denegar o retirar el acceso al portal y\/o a los servicios, en cualquier momento y sin necesidad de aviso previo, a aquellos usuarios que incumplan estas condiciones generales o las condiciones particulares que resulten de aplicaci\u00f3n.<\/p>\n<\/div><\/div><\/div><div class=\"rowItem col-md-6 col-sm-12 btTextLeft\"  data-width=\"6\"><div class=\"rowItemContent\" ><div class=\"btText\" ><p>LINKS<\/p>\n<p>El portal pone a disposici\u00f3n de los usuarios dispositivos t\u00e9cnicos de enlace (links, banners o botones), que permiten a los usuarios acceder a sitios web pertenecientes o gestionados por terceros. Carrocer\u00edas Vicente Salom\u00f3n S.L. no ofrece ni comercializa por s\u00ed mismo, ni por medio de terceros, los productos o servicios disponibles en los sitios enlazados, ni controla, vigila, o aprueba los productos, servicios, contenidos, informaci\u00f3n, datos ni cualquier otra clase de material que aparezca o se ofrezca en esos sitios enlazados.<\/p>\n<p>Por consiguiente, Carrocer\u00edas Vicente Salom\u00f3n S.L. no ser\u00e1 responsable respecto a la informaci\u00f3n que se halle fuera de esta web y que no est\u00e9 gestionada por su webmaster. La funci\u00f3n de los links que aparecen es exclusivamente la de informar al usuario sobre la existencia de otras fuentes de informaci\u00f3n sobre un determinado material en Internet. Dichos links no suponen una invitaci\u00f3n o recomendaci\u00f3n para visitarlas y, por ello, Carrocer\u00edas Vicente Salom\u00f3n S.L. no ser\u00e1 responsable del resultado obtenido a trav\u00e9s de dichos enlaces hipertextuales.<\/p>\n<p>LEY APLICABLE Y JURISDICCI\u00d3N<\/p>\n<p>Estas condiciones generales, as\u00ed como las condiciones particulares de cualquiera de los servicios de este portal, se rigen por la Ley Espa\u00f1ola. En caso de conflicto o reclamaci\u00f3n con relaci\u00f3n a esta web, las partes se someten, con renuncia a cualquier otro fuero, al arbitraje institucional de derecho del Tribunal Arbitral de Zaragoza, que se encarga la designaci\u00f3n del \u00e1rbitro o \u00e1rbitros y la administraci\u00f3n del arbitraje, oblig\u00e1ndose desde ahora al cumplimiento de la decisi\u00f3n arbitral.<\/p>\n<\/div><\/div><\/div><\/div><\/div><\/div><\/div><\/div><\/section>","protected":false},"excerpt":{"rendered":"","protected":false},"author":2,"featured_media":0,"parent":0,"menu_order":0,"comment_status":"closed","ping_status":"closed","template":"","meta":[],"aioseo_notices":[],"_links":{"self":[{"href":"https:\/\/eurocontainer.es\/fr\/wp-json\/wp\/v2\/pages\/3657"}],"collection":[{"href":"https:\/\/eurocontainer.es\/fr\/wp-json\/wp\/v2\/pages"}],"about":[{"href":"https:\/\/eurocontainer.es\/fr\/wp-json\/wp\/v2\/types\/page"}],"author":[{"embeddable":true,"href":"https:\/\/eurocontainer.es\/fr\/wp-json\/wp\/v2\/users\/2"}],"replies":[{"embeddable":true,"href":"https:\/\/eurocontainer.es\/fr\/wp-json\/wp\/v2\/comments?post=3657"}],"version-history":[{"count":1,"href":"https:\/\/eurocontainer.es\/fr\/wp-json\/wp\/v2\/pages\/3657\/revisions"}],"predecessor-version":[{"id":3658,"href":"https:\/\/eurocontainer.es\/fr\/wp-json\/wp\/v2\/pages\/3657\/revisions\/3658"}],"wp:attachment":[{"href":"https:\/\/eurocontainer.es\/fr\/wp-json\/wp\/v2\/media?parent=3657"}],"curies":[{"name":"wp","href":"https:\/\/api.w.org\/{rel}","templated":true}]}}