{"id":3660,"date":"2018-12-19T14:36:32","date_gmt":"2018-12-19T14:36:32","guid":{"rendered":"https:\/\/eurocontainer.es\/politica-de-privacidad\/"},"modified":"2019-02-14T10:58:25","modified_gmt":"2019-02-14T10:58:25","slug":"politique-de-confidentialite","status":"publish","type":"page","link":"https:\/\/eurocontainer.es\/fr\/politique-de-confidentialite\/","title":{"rendered":"Politique de confidentialit\u00e9"},"content":{"rendered":"<section id=\"bt_section69d61e62666e9\"  class=\"boldSection gutter \" ><div class=\"port\"><div class=\"boldCell\"><div class=\"boldCellInner\"><div class=\"boldRow \" ><div class=\"boldRowInner\"><div class=\"rowItem col-md-6 col-sm-12 btTextLeft\"  data-width=\"6\"><div class=\"rowItemContent\" ><div class=\"btText\" ><p>Esta p\u00e1gina Web es titularidad de Carrocerias Vicente Salomon Sanz, S.L., cuyos datos de identificaci\u00f3n son los siguientes:<br \/>\n&#8211; Argualas, 3<br \/>\n&#8211; REGISTRO MERCANTIL Tomo 2815.Librpo 0 Folio 21 Seccion 8 Hoja Z-31518 Ins.1<br \/>\n&#8211; B50930528<br \/>\n&#8211; DATOS DE CONTACTO (info@eurocontainer.es)<br \/>\nCarrocerias Vicente Salomon Sanz, S.L. es el titular de la web, no obstante se hace referencia a los servicios prestados por las empresas del grupo:<br \/>\n&#8211; Multitank, S.L.U. B99021172 Autovia Logro\u00f1o, km.266<br \/>\n&#8211; Granallado y Pintado Remolinos, S.L. B99339319 Ctr. Alagon Tudela km.44.<br \/>\nEn adelante, nos referiremos conjuntamente a las empresas mencionadas como \u201cLA EMPRESA\u201d.<\/p>\n<p>1 INFORMACI\u00d3N Y CONSENTIMIENTO.<\/p>\n<p>Mediante la aceptaci\u00f3n de la presente Pol\u00edtica de Privacidad, el Usuario queda informado y presta su consentimiento libre, informado, espec\u00edfico e inequ\u00edvoco para que los datos personales que facilite a trav\u00e9s de esta p\u00e1gina Web (en adelante, el \u201cSitio Web\u201d) sean tratados por LA EMPRESA.<\/p>\n<p>2 OBLIGATORIEDAD DE FACILITAR LOS DATOS.<\/p>\n<p>Los datos solicitados en los formularios de la Web son con car\u00e1cter general, obligatorios (salvo que en el campo requerido se especifique lo contrario) para cumplir con las finalidades establecidas. Por lo tanto, si no se facilitan los mismos o no se facilitan correctamente no podr\u00e1n atenderse las mismas, sin perjuicio de que podr\u00e1 visualizar libremente el contenido del Sitio Web.<\/p>\n<p>3 \u00bfCON QU\u00c9 FINALIDAD SE TRATAR\u00c1 LOS DATOS PERSONALES DEL USUARIO Y DURANTE CU\u00c1NTO TIEMPO?<\/p>\n<p>Los datos personales facilitados a trav\u00e9s del Sitio Web ser\u00e1n tratados por LA EMPRESA conforme a las siguientes finalidades:<br \/>\n&#8211; Gestionar, tramitar y dar respuesta a peticiones, solicitudes, incidencias o consultas del Usuario, cuando este facilite sus datos a trav\u00e9s del formulario \u201cContacto\u201d. Los datos del Usuario ser\u00e1n conservados con ese fin hasta que \u00e9ste se oponga o revoque su consentimiento.<br \/>\n&#8211; Remitir peri\u00f3dicamente a los Usuarios, incluso por medios electr\u00f3nicos, comunicaciones comerciales, relacionadas con productos, servicios, promociones, ofertas, eventos o noticias que puedan resultar de su inter\u00e9s, si el Usuario da su consentimiento marcando la casilla de verificaci\u00f3n correspondiente, o en su caso, se oponga o revoque su consentimiento.<\/p>\n<p>4 \u00bfQU\u00c9 DATOS DEL USUARIO SE TRATAR\u00c1?<\/p>\n<p>LA EMPRESA tratar\u00e1 las siguientes categor\u00edas de datos del Usuario:<br \/>\n&#8211; Datos identificativos: nombre, apellidos y DNI.<br \/>\n&#8211; Datos de contacto: direcci\u00f3n postal, direcci\u00f3n de correo electr\u00f3nico y tel\u00e9fono.<br \/>\n&#8211; Datos de facturaci\u00f3n<\/p>\n<p>5 \u00bfCU\u00c1L ES LA LEGITIMACI\u00d3N DEL TRATAMIENTO DE LOS DATOS DEL USUARIO?<\/p>\n<p>El tratamiento de los datos del Usuario por parte de LA EMPRESA est\u00e1 basado en el consentimiento que se le solicita y que puede retirar en cualquier momento. No obstante, en caso de retirar su consentimiento, ello no afectar\u00e1 a la licitud de los tratamientos efectuados con anterioridad.<br \/>\nLos consentimientos obtenidos para las finalidades mencionadas son independientes por lo que el Usuario podr\u00e1 revocar solo uno de ellos no afectando a los dem\u00e1s.<\/p>\n<\/div><\/div><\/div><div class=\"rowItem col-md-6 col-sm-12 btTextLeft\"  data-width=\"6\"><div class=\"rowItemContent\" ><div class=\"btText\" ><p>6 \u00bfA QU\u00c9 DESTINATARIOS SE COMUNICAR\u00c1N LOS DATOS DEL USUARIO?<\/p>\n<p>Los datos del Usuario no ser\u00e1n comunicados a ninguna otra empresa, salvo obligaci\u00f3n legal.<\/p>\n<p>7 RESPONSABILIDAD DEL USUARIO.<\/p>\n<p>El Usuario:<br \/>\n&#8211; Garantiza que es mayor de 18 a\u00f1os y que los datos que facilita a LA EMPRESA son verdaderos, exactos, completos y actualizados. A estos efectos, el Usuario responde de la veracidad de todos los datos que comunique y mantendr\u00e1 convenientemente actualizada la informaci\u00f3n facilitada, de tal forma que responda a su situaci\u00f3n real.<br \/>\n&#8211; Ser\u00e1 responsable de las informaciones falsas o inexactas que proporcione a trav\u00e9s del Sitio Web y de los da\u00f1os y perjuicios, directos o indirectos, que ello cause a LA EMPRESA o a terceros.<\/p>\n<p>8 COMUNICACIONES COMERCIALES Y PROMOCIONALES.<\/p>\n<p>Una de las finalidades para las que LA EMPRESA trata los datos personales proporcionados por parte de los Usuarios es para remitirles comunicaciones electr\u00f3nicas con informaci\u00f3n relativa a productos, servicios, promociones, ofertas, eventos o noticias relevantes para los Usuarios.<br \/>\nEn caso de que el Usuario desee dejar de recibir comunicaciones comerciales o promocionales por parte de LA EMPRESA puede solicitar la baja del servicio enviando un email a la siguiente direcci\u00f3n de correo electr\u00f3nico: info@eurocontainer.es<\/p>\n<p>9 EJERCICIO DE DERECHOS.<\/p>\n<p>El Usuario puede enviar un escrito en cualquier momento y de forma gratuita a Carrocerias Vicente Salomon Sanz, S.L. en Argualas, 3 50012 Zaragoza, adjuntando fotocopia de su documento de identidad, para solicitar sus derechos de acceso, rectificaci\u00f3n, supresi\u00f3n, oposici\u00f3n, limitaci\u00f3n, portabilidad de sus datos.<br \/>\nAdem\u00e1s puede, reclamar ante la Agencia Espa\u00f1ola de Protecci\u00f3n de Datos, a trav\u00e9s de la siguiente direcci\u00f3n: Agencia Espa\u00f1ola de Protecci\u00f3n de Datos, C\/ Jorge Juan, 6, 28001-Madrid, cuando el interesado considere que Carrocerias Vicente Salomon Sanz, S.L. ha vulnerado los derechos que le son reconocidos por la normativa aplicable en protecci\u00f3n de datos.<br \/>\nSin perjuicio de lo anterior, el interesado podr\u00e1 ponerse en contacto con el delegado de protecci\u00f3n de datos de Carrocerias Vicente Salomon Sanz, S.L.<\/p>\n<p>10 MEDIDAS DE SEGURIDAD.<\/p>\n<p>Carrocerias Vicente Salomon Sanz, S.L. tratar\u00e1 los datos del Usuario en todo momento de forma absolutamente confidencial y guardando el preceptivo deber de secreto respecto de los mismos, de conformidad con lo previsto en la normativa de aplicaci\u00f3n, adoptando al efecto las medidas de \u00edndole t\u00e9cnica y organizativas necesarias que garanticen la seguridad de sus datos y eviten su alteraci\u00f3n, p\u00e9rdida, tratamiento o acceso no autorizado, habida cuenta del estado de la tecnolog\u00eda, la naturaleza de los datos almacenados y los riesgos a que est\u00e1n expuestos.<\/p>\n<\/div><\/div><\/div><\/div><\/div><\/div><\/div><\/div><\/section>","protected":false},"excerpt":{"rendered":"","protected":false},"author":2,"featured_media":0,"parent":0,"menu_order":0,"comment_status":"closed","ping_status":"closed","template":"","meta":[],"aioseo_notices":[],"_links":{"self":[{"href":"https:\/\/eurocontainer.es\/fr\/wp-json\/wp\/v2\/pages\/3660"}],"collection":[{"href":"https:\/\/eurocontainer.es\/fr\/wp-json\/wp\/v2\/pages"}],"about":[{"href":"https:\/\/eurocontainer.es\/fr\/wp-json\/wp\/v2\/types\/page"}],"author":[{"embeddable":true,"href":"https:\/\/eurocontainer.es\/fr\/wp-json\/wp\/v2\/users\/2"}],"replies":[{"embeddable":true,"href":"https:\/\/eurocontainer.es\/fr\/wp-json\/wp\/v2\/comments?post=3660"}],"version-history":[{"count":1,"href":"https:\/\/eurocontainer.es\/fr\/wp-json\/wp\/v2\/pages\/3660\/revisions"}],"predecessor-version":[{"id":3662,"href":"https:\/\/eurocontainer.es\/fr\/wp-json\/wp\/v2\/pages\/3660\/revisions\/3662"}],"wp:attachment":[{"href":"https:\/\/eurocontainer.es\/fr\/wp-json\/wp\/v2\/media?parent=3660"}],"curies":[{"name":"wp","href":"https:\/\/api.w.org\/{rel}","templated":true}]}}