{"id":3665,"date":"2018-12-19T15:32:26","date_gmt":"2018-12-19T15:32:26","guid":{"rendered":"https:\/\/eurocontainer.es\/calidad\/"},"modified":"2019-02-14T11:06:14","modified_gmt":"2019-02-14T11:06:14","slug":"qualite","status":"publish","type":"page","link":"https:\/\/eurocontainer.es\/fr\/qualite\/","title":{"rendered":"Qualit\u00e9"},"content":{"rendered":"<section id=\"bt_section69de22fab81e7\"  class=\"boldSection gutter \" ><div class=\"port\"><div class=\"boldCell\"><div class=\"boldCellInner\"><div class=\"boldRow \" ><div class=\"boldRowInner\"><div class=\"rowItem col-md-4 col-ms-12 btTextLeft\"  data-width=\"4\"><div class=\"rowItemContent\" ><div class=\"btClear btSeparator topSpaced noBorder\" ><hr><\/div><header class=\"header btClear small  regular\" ><div class=\"dash\"><h4><span class=\"headline\">LA QUALIT\u00c9 EST NOTRE PRODUIT<\/span><\/h4><\/div><\/header><div class=\"btClear btSeparator bottomSemiSpaced noBorder\" ><hr><\/div><\/div><\/div><div class=\"rowItem col-md-8 col-ms-12 btTextLeft\"  data-width=\"8\"><div class=\"rowItemContent\" ><div class=\"btClear btSeparator topSpaced noBorder\" ><hr><\/div><header class=\"header btClear small  regular\" ><div class=\"dash\"><h4><span class=\"headline\">IDENTIFICATION ET CERTIFICATION<\/span><\/h4><\/div><\/header><div class=\"btClear btSeparator bottomSemiSpaced noBorder\" ><hr><\/div><\/div><\/div><\/div><\/div><div class=\"boldRow \" ><div class=\"boldRowInner\"><div class=\"rowItem col-md-4 col-ms-12 btTextLeft\"  data-width=\"4\"><div class=\"rowItemContent\" ><div class=\"btText\" ><p>Notre engagement est que tous les produits produits par EUROCONTAINER respectent les normes de qualit\u00e9 \u00e9tablies, en appliquant les meilleures techniques de production gr\u00e2ce \u00e0 notre vaste exp\u00e9rience de travail dans ce secteur.<\/p>\n<\/div><div class=\"btClear btSeparator bottomSmallSpaced noBorder\" ><hr><\/div><div class=\"bpgPhoto btZoomInHoverType\" ><div class = \"btImage\"><img src=\"https:\/\/eurocontainer.es\/wp-content\/uploads\/2018\/12\/CERTIFICADO-ISO-9001-GPRemolinos.jpg\" alt=\"\" title=\"\"><\/div><\/div><\/div><\/div><div class=\"rowItem col-md-4 col-ms-12 btTextLeft\"  data-width=\"4\"><div class=\"rowItemContent\" ><div class=\"btText\" ><p>Sur demande, les conteneurs pourront \u00eatre livr\u00e9s avec les marquages r\u00e9glementaires conform\u00e9ment \u00e0 la norme ISO-6346.<\/p>\n<p>Les conteneurs peuvent \u00e9galement \u00eatre homologu\u00e9s par des entit\u00e9s de v\u00e9rification avec \u00e9mission d\u2019un certficat et la d\u00e9livrance d\u2019une plaque de valition pos\u00e9e sur le container connue comme \u201c AGREMENT CSC AUX FINS DE SECURITE\u201d.<\/p>\n<\/div><div class=\"btClear btSeparator topSmallSpaced noBorder\" ><hr><\/div><div class=\"bpgPhoto btZoomInTwistHoverType\" ><div class = \"btImage\"><img src=\"https:\/\/eurocontainer.es\/wp-content\/uploads\/2019\/02\/csc.png\" alt=\"\" title=\"\"><\/div><\/div><div class=\"btClear btSeparator topSmallSpaced noBorder\" ><hr><\/div><div class=\"btText\" ><p>L&rsquo;inspection de nos unit\u00e9s sont r\u00e9alis\u00e9s par des des agences de contr\u00f4le internationaleement reconnues comme:<\/p>\n<\/div><div class=\"btClear btSeparator topSmallSpaced noBorder\" ><hr><\/div><div class=\"bpgPhoto btDefaultHoverType\" ><div class = \"btImage\"><img src=\"https:\/\/eurocontainer.es\/wp-content\/uploads\/2019\/02\/veritas.png\" alt=\"\" title=\"\"><\/div><\/div><\/div><\/div><div class=\"rowItem col-md-4 col-ms-12 btTextLeft\"  data-width=\"4\"><div class=\"rowItemContent\" ><div class=\"btText\" ><p>Tous les conteneurs sont fabriqu\u00e9s selon les normes, homologations et exignces internationale:<\/p>\n<\/div><div class=\"btClear btSeparator topSemiSpaced noBorder\" ><hr><\/div><div class=\"slided autoSliderHeight btSliderHideArrows\" style=\"width: 360px;\" data-slick='{\"infinite\":true,\"autoplay\":true,\"autoplaySpeed\":2000,\"pauseOnHover\":false,\"pauseOnDotsHover\":true}' data-simple_arrows=\"no\"><div class=\"slidedItem firstItem\" style=\"height: 215px;\" data-thumb=\"https:\/\/eurocontainer.es\/wp-content\/uploads\/2019\/02\/logo2-2.png\"><div class=\"btSliderPort wBackground cover\" style=\"background-image: url('https:\/\/eurocontainer.es\/wp-content\/uploads\/2019\/02\/logo2-2.png')\"><div class=\"btSliderCell\" data-slick=\"yes\"><div class=\"btSlideGutter\"><div class=\"btSlidePane\"><\/div><\/div><\/div><\/div><\/div><div class=\"slidedItem firstItem\" style=\"height: 215px;\" data-thumb=\"https:\/\/eurocontainer.es\/wp-content\/uploads\/2019\/02\/logo1-2.png\"><div class=\"btSliderPort wBackground cover\" style=\"background-image: url('https:\/\/eurocontainer.es\/wp-content\/uploads\/2019\/02\/logo1-2.png')\"><div class=\"btSliderCell\" data-slick=\"yes\"><div class=\"btSlideGutter\"><div class=\"btSlidePane\"><\/div><\/div><\/div><\/div><\/div><div class=\"slidedItem firstItem\" style=\"height: 215px;\" data-thumb=\"https:\/\/eurocontainer.es\/wp-content\/uploads\/2019\/02\/logo3-1.png\"><div class=\"btSliderPort wBackground cover\" style=\"background-image: url('https:\/\/eurocontainer.es\/wp-content\/uploads\/2019\/02\/logo3-1.png')\"><div class=\"btSliderCell\" data-slick=\"yes\"><div class=\"btSlideGutter\"><div class=\"btSlidePane\"><\/div><\/div><\/div><\/div><\/div><\/div><div class=\"btText\" ><p>Une homologation et validation pour un container sp\u00e9cial peut \u00eatre faite sur demande.<\/p>\n<p>Exemple: l&rsquo;industrie nucl\u00e9aire utilise des conteneurs Open Top avec un toit amovible en acier pour le transport s\u00e9curis\u00e9 de mati\u00e8res radioactives, n\u00e9cessitant des homologations Type BI-2 \/ Type IP-2.<\/p>\n<\/div><\/div><\/div><\/div><\/div><\/div><\/div><\/div><\/section>","protected":false},"excerpt":{"rendered":"","protected":false},"author":2,"featured_media":3666,"parent":0,"menu_order":0,"comment_status":"closed","ping_status":"closed","template":"","meta":[],"aioseo_notices":[],"_links":{"self":[{"href":"https:\/\/eurocontainer.es\/fr\/wp-json\/wp\/v2\/pages\/3665"}],"collection":[{"href":"https:\/\/eurocontainer.es\/fr\/wp-json\/wp\/v2\/pages"}],"about":[{"href":"https:\/\/eurocontainer.es\/fr\/wp-json\/wp\/v2\/types\/page"}],"author":[{"embeddable":true,"href":"https:\/\/eurocontainer.es\/fr\/wp-json\/wp\/v2\/users\/2"}],"replies":[{"embeddable":true,"href":"https:\/\/eurocontainer.es\/fr\/wp-json\/wp\/v2\/comments?post=3665"}],"version-history":[{"count":2,"href":"https:\/\/eurocontainer.es\/fr\/wp-json\/wp\/v2\/pages\/3665\/revisions"}],"predecessor-version":[{"id":3670,"href":"https:\/\/eurocontainer.es\/fr\/wp-json\/wp\/v2\/pages\/3665\/revisions\/3670"}],"wp:featuredmedia":[{"embeddable":true,"href":"https:\/\/eurocontainer.es\/fr\/wp-json\/wp\/v2\/media\/3666"}],"wp:attachment":[{"href":"https:\/\/eurocontainer.es\/fr\/wp-json\/wp\/v2\/media?parent=3665"}],"curies":[{"name":"wp","href":"https:\/\/api.w.org\/{rel}","templated":true}]}}