{"id":10123,"date":"2023-04-01T09:43:27","date_gmt":"2023-04-01T09:43:27","guid":{"rendered":"https:\/\/eurocontainer.es\/contenedores\/non%20class\u00e9\/bulk\/"},"modified":"2025-03-27T22:50:02","modified_gmt":"2025-03-27T22:50:02","slug":"vrac-bulk","status":"publish","type":"product","link":"https:\/\/eurocontainer.es\/fr\/contenedores\/productos-fr\/vrac-bulk\/","title":{"rendered":"Vrac (Bulk)"},"content":{"rendered":"","protected":false},"excerpt":{"rendered":"<p>Les conteneurs et les conteneurs-citernes pour vrac sont con\u00e7us et fabriqu\u00e9s pour le transport intermodal de marchandises en vrac, avec ou sans rev\u00eatement int\u00e9rieur.<\/p>\n<p>Ils sont fabriqu\u00e9s sur mesure en fonction des besoins des clients.<\/p>\n","protected":false},"featured_media":10041,"template":"","meta":[],"product_cat":[126,118],"product_tag":[],"aioseo_notices":[],"_links":{"self":[{"href":"https:\/\/eurocontainer.es\/fr\/wp-json\/wp\/v2\/product\/10123"}],"collection":[{"href":"https:\/\/eurocontainer.es\/fr\/wp-json\/wp\/v2\/product"}],"about":[{"href":"https:\/\/eurocontainer.es\/fr\/wp-json\/wp\/v2\/types\/product"}],"wp:featuredmedia":[{"embeddable":true,"href":"https:\/\/eurocontainer.es\/fr\/wp-json\/wp\/v2\/media\/10041"}],"wp:attachment":[{"href":"https:\/\/eurocontainer.es\/fr\/wp-json\/wp\/v2\/media?parent=10123"}],"wp:term":[{"taxonomy":"product_cat","embeddable":true,"href":"https:\/\/eurocontainer.es\/fr\/wp-json\/wp\/v2\/product_cat?post=10123"},{"taxonomy":"product_tag","embeddable":true,"href":"https:\/\/eurocontainer.es\/fr\/wp-json\/wp\/v2\/product_tag?post=10123"}],"curies":[{"name":"wp","href":"https:\/\/api.w.org\/{rel}","templated":true}]}}