{"id":10125,"date":"2023-04-04T08:40:45","date_gmt":"2023-04-04T08:40:45","guid":{"rendered":"https:\/\/eurocontainer.es\/contenedores\/non%20class\u00e9\/contenedor-nipon\/"},"modified":"2025-03-28T09:27:34","modified_gmt":"2025-03-28T09:27:34","slug":"conteneur-nipon","status":"publish","type":"product","link":"https:\/\/eurocontainer.es\/fr\/contenedores\/conteneur\/conteneur-nipon\/","title":{"rendered":"Conteneur Nipon"},"content":{"rendered":"","protected":false},"excerpt":{"rendered":"<p>Ce sont des conteneurs de 20\u2019, 40\u2019 et 45\u2019 de hauteur inf\u00e9rieure \u00e0 celle d\u2019un conteneur standard. Ils peuvent \u00eatre de type Open Top ou Open Side.<\/p>\n<p>Recommand\u00e9s pour le transport de mat\u00e9riaux sid\u00e9rurgiques, de ferraille et de produits alimentaires.<\/p>\n","protected":false},"featured_media":7214,"template":"","meta":[],"product_cat":[118,87],"product_tag":[],"aioseo_notices":[],"_links":{"self":[{"href":"https:\/\/eurocontainer.es\/fr\/wp-json\/wp\/v2\/product\/10125"}],"collection":[{"href":"https:\/\/eurocontainer.es\/fr\/wp-json\/wp\/v2\/product"}],"about":[{"href":"https:\/\/eurocontainer.es\/fr\/wp-json\/wp\/v2\/types\/product"}],"wp:featuredmedia":[{"embeddable":true,"href":"https:\/\/eurocontainer.es\/fr\/wp-json\/wp\/v2\/media\/7214"}],"wp:attachment":[{"href":"https:\/\/eurocontainer.es\/fr\/wp-json\/wp\/v2\/media?parent=10125"}],"wp:term":[{"taxonomy":"product_cat","embeddable":true,"href":"https:\/\/eurocontainer.es\/fr\/wp-json\/wp\/v2\/product_cat?post=10125"},{"taxonomy":"product_tag","embeddable":true,"href":"https:\/\/eurocontainer.es\/fr\/wp-json\/wp\/v2\/product_tag?post=10125"}],"curies":[{"name":"wp","href":"https:\/\/api.w.org\/{rel}","templated":true}]}}