{"id":10129,"date":"2021-02-09T18:36:32","date_gmt":"2021-02-09T18:36:32","guid":{"rendered":"https:\/\/eurocontainer.es\/contenedores\/non%20class\u00e9\/contenedores-con-gancho\/"},"modified":"2025-03-28T09:33:19","modified_gmt":"2025-03-28T09:33:19","slug":"conteneurs-a-crochet","status":"publish","type":"product","link":"https:\/\/eurocontainer.es\/fr\/contenedores\/conteneur\/conteneurs-a-crochet\/","title":{"rendered":"Conteneurs \u00e0 Crochet"},"content":{"rendered":"","protected":false},"excerpt":{"rendered":"<p>Les conteneurs \u00e0 crochet sont \u00e9quip\u00e9s d\u2019un syst\u00e8me d\u2019attelage Vempar, qui permet un chargement et un d\u00e9chargement faciles en tout lieu, sans besoin de grue ni de chariot \u00e9l\u00e9vateur externe \u2013 il suffit d\u2019un camion \u00e9quip\u00e9 d\u2019un bras porte-conteneur.<\/p>\n<p>Gr\u00e2ce \u00e0 ce syst\u00e8me d\u2019attelage, leur utilisation est fr\u00e9quente dans le domaine militaire, car ils permettent d\u2019acc\u00e9der facilement \u00e0 des zones isol\u00e9es.<\/p>\n","protected":false},"featured_media":5312,"template":"","meta":[],"product_cat":[118,87],"product_tag":[],"aioseo_notices":[],"_links":{"self":[{"href":"https:\/\/eurocontainer.es\/fr\/wp-json\/wp\/v2\/product\/10129"}],"collection":[{"href":"https:\/\/eurocontainer.es\/fr\/wp-json\/wp\/v2\/product"}],"about":[{"href":"https:\/\/eurocontainer.es\/fr\/wp-json\/wp\/v2\/types\/product"}],"wp:featuredmedia":[{"embeddable":true,"href":"https:\/\/eurocontainer.es\/fr\/wp-json\/wp\/v2\/media\/5312"}],"wp:attachment":[{"href":"https:\/\/eurocontainer.es\/fr\/wp-json\/wp\/v2\/media?parent=10129"}],"wp:term":[{"taxonomy":"product_cat","embeddable":true,"href":"https:\/\/eurocontainer.es\/fr\/wp-json\/wp\/v2\/product_cat?post=10129"},{"taxonomy":"product_tag","embeddable":true,"href":"https:\/\/eurocontainer.es\/fr\/wp-json\/wp\/v2\/product_tag?post=10129"}],"curies":[{"name":"wp","href":"https:\/\/api.w.org\/{rel}","templated":true}]}}