{"id":10131,"date":"2023-08-01T15:12:33","date_gmt":"2023-08-01T15:12:33","guid":{"rendered":"https:\/\/eurocontainer.es\/contenedores\/non%20class\u00e9\/contenedores-de-53\/"},"modified":"2025-03-28T09:38:25","modified_gmt":"2025-03-28T09:38:25","slug":"conteneurs-de-53","status":"publish","type":"product","link":"https:\/\/eurocontainer.es\/fr\/contenedores\/conteneur\/conteneurs-de-53\/","title":{"rendered":"Conteneurs de 53\u2019"},"content":{"rendered":"","protected":false},"excerpt":{"rendered":"<p>Les conteneurs de 53\u2019 sont couramment utilis\u00e9s dans des r\u00e9gions comme l\u2019Am\u00e9rique ou l\u2019Asie.<\/p>\n<p>Ce sont des unit\u00e9s de transport de marchandises destin\u00e9es au transport maritime ou terrestre. Leur nom indique leur longueur : 53 pieds, soit 16,15 m\u00e8tres.<\/p>\n<p>Ils ne sont pas uniquement utilis\u00e9s comme moyen de transport ; ils trouvent \u00e9galement des applications dans d\u2019autres domaines, comme le secteur industriel.<\/p>\n","protected":false},"featured_media":7643,"template":"","meta":[],"product_cat":[118,87],"product_tag":[],"aioseo_notices":[],"_links":{"self":[{"href":"https:\/\/eurocontainer.es\/fr\/wp-json\/wp\/v2\/product\/10131"}],"collection":[{"href":"https:\/\/eurocontainer.es\/fr\/wp-json\/wp\/v2\/product"}],"about":[{"href":"https:\/\/eurocontainer.es\/fr\/wp-json\/wp\/v2\/types\/product"}],"wp:featuredmedia":[{"embeddable":true,"href":"https:\/\/eurocontainer.es\/fr\/wp-json\/wp\/v2\/media\/7643"}],"wp:attachment":[{"href":"https:\/\/eurocontainer.es\/fr\/wp-json\/wp\/v2\/media?parent=10131"}],"wp:term":[{"taxonomy":"product_cat","embeddable":true,"href":"https:\/\/eurocontainer.es\/fr\/wp-json\/wp\/v2\/product_cat?post=10131"},{"taxonomy":"product_tag","embeddable":true,"href":"https:\/\/eurocontainer.es\/fr\/wp-json\/wp\/v2\/product_tag?post=10131"}],"curies":[{"name":"wp","href":"https:\/\/api.w.org\/{rel}","templated":true}]}}