{"id":10135,"date":"2023-07-26T15:22:00","date_gmt":"2023-07-26T15:22:00","guid":{"rendered":"https:\/\/eurocontainer.es\/contenedores\/non%20class\u00e9\/contenedores-gasolinera\/"},"modified":"2025-03-28T10:41:57","modified_gmt":"2025-03-28T10:41:57","slug":"conteneurs-station-mobile-de-carburant","status":"publish","type":"product","link":"https:\/\/eurocontainer.es\/fr\/contenedores\/productos-fr\/conteneurs-station-mobile-de-carburant\/","title":{"rendered":"Conteneurs Station Mobile de Carburant"},"content":{"rendered":"","protected":false},"excerpt":{"rendered":"<p>Conteneur \u00e0 double paroi con\u00e7u pour le stockage et la distribution sur site de carburants, transformant ainsi le conteneur en une station-service mobile. Gr\u00e2ce \u00e0 sa structure, il peut \u00eatre empil\u00e9.<\/p>\n<p>Il peut \u00eatre \u00e9quip\u00e9 d\u2019\u00e9l\u00e9ments suppl\u00e9mentaires, personnalisables selon les besoins de chaque client : distributeur de carburant, pompe de chargement, jauge \u00e9lectronique, tige de mesure, extincteur, installation \u00e9lectrique et \u00e9clairage, g\u00e9n\u00e9rateur.<\/p>\n","protected":false},"featured_media":7587,"template":"","meta":[],"product_cat":[118],"product_tag":[],"aioseo_notices":[],"_links":{"self":[{"href":"https:\/\/eurocontainer.es\/fr\/wp-json\/wp\/v2\/product\/10135"}],"collection":[{"href":"https:\/\/eurocontainer.es\/fr\/wp-json\/wp\/v2\/product"}],"about":[{"href":"https:\/\/eurocontainer.es\/fr\/wp-json\/wp\/v2\/types\/product"}],"wp:featuredmedia":[{"embeddable":true,"href":"https:\/\/eurocontainer.es\/fr\/wp-json\/wp\/v2\/media\/7587"}],"wp:attachment":[{"href":"https:\/\/eurocontainer.es\/fr\/wp-json\/wp\/v2\/media?parent=10135"}],"wp:term":[{"taxonomy":"product_cat","embeddable":true,"href":"https:\/\/eurocontainer.es\/fr\/wp-json\/wp\/v2\/product_cat?post=10135"},{"taxonomy":"product_tag","embeddable":true,"href":"https:\/\/eurocontainer.es\/fr\/wp-json\/wp\/v2\/product_tag?post=10135"}],"curies":[{"name":"wp","href":"https:\/\/api.w.org\/{rel}","templated":true}]}}