{"id":10138,"date":"2023-07-25T21:09:34","date_gmt":"2023-07-25T21:09:34","guid":{"rendered":"https:\/\/eurocontainer.es\/contenedores\/non%20class\u00e9\/transporte-de-vidrio\/"},"modified":"2025-03-28T10:45:13","modified_gmt":"2025-03-28T10:45:13","slug":"conteneurs-pour-le-transport-de-verre","status":"publish","type":"product","link":"https:\/\/eurocontainer.es\/fr\/contenedores\/conteneur\/conteneurs-pour-le-transport-de-verre\/","title":{"rendered":"Conteneurs pour le transport de verre"},"content":{"rendered":"","protected":false},"excerpt":{"rendered":"<p>Eurocontainer dispose de plusieurs brevets de conteneurs sp\u00e9ciaux pour le transport de verre. Ils sont con\u00e7us et fabriqu\u00e9s en fonction des besoins sp\u00e9cifiques de chaque client.<\/p>\n","protected":false},"featured_media":7493,"template":"","meta":[],"product_cat":[118,87],"product_tag":[],"aioseo_notices":[],"_links":{"self":[{"href":"https:\/\/eurocontainer.es\/fr\/wp-json\/wp\/v2\/product\/10138"}],"collection":[{"href":"https:\/\/eurocontainer.es\/fr\/wp-json\/wp\/v2\/product"}],"about":[{"href":"https:\/\/eurocontainer.es\/fr\/wp-json\/wp\/v2\/types\/product"}],"wp:featuredmedia":[{"embeddable":true,"href":"https:\/\/eurocontainer.es\/fr\/wp-json\/wp\/v2\/media\/7493"}],"wp:attachment":[{"href":"https:\/\/eurocontainer.es\/fr\/wp-json\/wp\/v2\/media?parent=10138"}],"wp:term":[{"taxonomy":"product_cat","embeddable":true,"href":"https:\/\/eurocontainer.es\/fr\/wp-json\/wp\/v2\/product_cat?post=10138"},{"taxonomy":"product_tag","embeddable":true,"href":"https:\/\/eurocontainer.es\/fr\/wp-json\/wp\/v2\/product_tag?post=10138"}],"curies":[{"name":"wp","href":"https:\/\/api.w.org\/{rel}","templated":true}]}}