{"id":10141,"date":"2023-04-03T16:14:58","date_gmt":"2023-04-03T16:14:58","guid":{"rendered":"https:\/\/eurocontainer.es\/contenedores\/non%20class\u00e9\/contenedores-porta-bobinas\/"},"modified":"2025-03-28T10:51:17","modified_gmt":"2025-03-28T10:51:17","slug":"conteneurs-porte-bobines","status":"publish","type":"product","link":"https:\/\/eurocontainer.es\/fr\/contenedores\/conteneur\/conteneurs-porte-bobines\/","title":{"rendered":"Conteneurs Porte-Bobines"},"content":{"rendered":"","protected":false},"excerpt":{"rendered":"<p>Con\u00e7us et fabriqu\u00e9s pour le transport intermodal de bobines m\u00e9talliques.<\/p>\n<p>Large gamme d\u2019\u00e9quipements disponibles : 10\u2019, 20\u2019, 30\u2019 ou caisses mobiles b\u00e2ch\u00e9es de 45\u2019.<\/p>\n<p>Version pliable disponible pour optimiser les retours \u00e0 vide.<\/p>\n","protected":false},"featured_media":7232,"template":"","meta":[],"product_cat":[118,87],"product_tag":[],"aioseo_notices":[],"_links":{"self":[{"href":"https:\/\/eurocontainer.es\/fr\/wp-json\/wp\/v2\/product\/10141"}],"collection":[{"href":"https:\/\/eurocontainer.es\/fr\/wp-json\/wp\/v2\/product"}],"about":[{"href":"https:\/\/eurocontainer.es\/fr\/wp-json\/wp\/v2\/types\/product"}],"wp:featuredmedia":[{"embeddable":true,"href":"https:\/\/eurocontainer.es\/fr\/wp-json\/wp\/v2\/media\/7232"}],"wp:attachment":[{"href":"https:\/\/eurocontainer.es\/fr\/wp-json\/wp\/v2\/media?parent=10141"}],"wp:term":[{"taxonomy":"product_cat","embeddable":true,"href":"https:\/\/eurocontainer.es\/fr\/wp-json\/wp\/v2\/product_cat?post=10141"},{"taxonomy":"product_tag","embeddable":true,"href":"https:\/\/eurocontainer.es\/fr\/wp-json\/wp\/v2\/product_tag?post=10141"}],"curies":[{"name":"wp","href":"https:\/\/api.w.org\/{rel}","templated":true}]}}