{"id":10151,"date":"2023-07-26T09:08:17","date_gmt":"2023-07-26T09:08:17","guid":{"rendered":"https:\/\/eurocontainer.es\/contenedores\/non%20class\u00e9\/riego-asfaltico\/"},"modified":"2025-03-28T13:42:45","modified_gmt":"2025-03-28T13:42:45","slug":"arrosage-asphalte","status":"publish","type":"product","link":"https:\/\/eurocontainer.es\/fr\/contenedores\/productos-fr\/arrosage-asphalte\/","title":{"rendered":"Arrosage Asphalte"},"content":{"rendered":"","protected":false},"excerpt":{"rendered":"<p>Cette citerne est compos\u00e9e de trois compartiments (gasoil, eau et \u00e9mulsion), avec une capacit\u00e9 respective de 450 litres, 3 000 litres et 8 500 litres. Ces compartiments peuvent \u00eatre modifi\u00e9s et adapt\u00e9s en fonction des besoins sp\u00e9cifiques de chaque client.<\/p>\n<p>La citerne est \u00e9quip\u00e9e d\u2019une rampe extensible de 5 m\u00e8tres, avec un espacement de 100 millim\u00e8tres entre les pulv\u00e9risateurs.<\/p>\n<p>La pompe \u00e0 \u00e9mulsion immerg\u00e9e offre un d\u00e9bit de 35 000 litres\/heure. Elle est dot\u00e9e d\u2019une transmission hydrostatique, garantissant un d\u00e9bit et une pression constants.<\/p>\n<p>Le fonctionnement des vannes \u00e9lectropneumatiques pour les diff\u00e9rents modes de travail (remplissage, vidange, homog\u00e9n\u00e9isation, etc.) est pilot\u00e9 via un processeur centralis\u00e9.<\/p>\n<p>Cet \u00e9quipement d\u2019arrosage asphalte dispose d\u2019un tableau de commande situ\u00e9 dans la cabine du camion, avec un \u00e9cran de 7,5 pouces et un joystick de contr\u00f4le de la rampe, facilitant son utilisation de mani\u00e8re simple et intuitive depuis la cabine.<\/p>\n<p>Cette nouvelle citerne se distingue par sa polyvalence, sa maniabilit\u00e9 et sa productivit\u00e9 sur le terrain, notamment gr\u00e2ce \u00e0 sa rampe d\u00e9ployable de 5 m\u00e8tres, qui permet d\u2019intervenir facilement m\u00eame dans les zones les plus difficiles d\u2019acc\u00e8s.<\/p>\n<p>&nbsp;<\/p>\n<p><iframe loading=\"lazy\" title=\"YouTube video player\" src=\"https:\/\/www.youtube.com\/embed\/J6kD7Jdyu9s?si=dZbGrib-7Ncwt27k\" width=\"560\" height=\"315\" frameborder=\"0\" allowfullscreen=\"allowfullscreen\"><\/iframe><\/p>\n<p><iframe loading=\"lazy\" title=\"YouTube video player\" src=\"https:\/\/www.youtube.com\/embed\/9a7h8TFBJw8?si=mJpHkxJXrXQhwXqM\" width=\"560\" height=\"315\" frameborder=\"0\" allowfullscreen=\"allowfullscreen\"><\/iframe><\/p>\n<p><iframe loading=\"lazy\" title=\"YouTube video player\" src=\"https:\/\/www.youtube.com\/embed\/iR2dIl5gzds?si=r_qx40lLwK9JxV-C\" width=\"560\" height=\"315\" frameborder=\"0\" allowfullscreen=\"allowfullscreen\"><\/iframe><\/p>\n<p><iframe loading=\"lazy\" title=\"YouTube video player\" src=\"https:\/\/www.youtube.com\/embed\/dkxRQEcTo8c?si=QGhahboz-qQLr4uy&amp;controls=0\" width=\"560\" height=\"315\" frameborder=\"0\" allowfullscreen=\"allowfullscreen\"><\/iframe><\/p>\n","protected":false},"featured_media":7748,"template":"","meta":[],"product_cat":[118],"product_tag":[],"aioseo_notices":[],"_links":{"self":[{"href":"https:\/\/eurocontainer.es\/fr\/wp-json\/wp\/v2\/product\/10151"}],"collection":[{"href":"https:\/\/eurocontainer.es\/fr\/wp-json\/wp\/v2\/product"}],"about":[{"href":"https:\/\/eurocontainer.es\/fr\/wp-json\/wp\/v2\/types\/product"}],"wp:featuredmedia":[{"embeddable":true,"href":"https:\/\/eurocontainer.es\/fr\/wp-json\/wp\/v2\/media\/7748"}],"wp:attachment":[{"href":"https:\/\/eurocontainer.es\/fr\/wp-json\/wp\/v2\/media?parent=10151"}],"wp:term":[{"taxonomy":"product_cat","embeddable":true,"href":"https:\/\/eurocontainer.es\/fr\/wp-json\/wp\/v2\/product_cat?post=10151"},{"taxonomy":"product_tag","embeddable":true,"href":"https:\/\/eurocontainer.es\/fr\/wp-json\/wp\/v2\/product_tag?post=10151"}],"curies":[{"name":"wp","href":"https:\/\/api.w.org\/{rel}","templated":true}]}}