{"id":10154,"date":"2024-01-05T17:39:07","date_gmt":"2024-01-05T17:39:07","guid":{"rendered":"https:\/\/eurocontainer.es\/contenedores\/non%20class\u00e9\/riego-asfaltico-con-motor-auxiliar\/"},"modified":"2025-03-28T13:48:56","modified_gmt":"2025-03-28T13:48:56","slug":"arrosage-asphalte-avec-moteur-auxiliaire","status":"publish","type":"product","link":"https:\/\/eurocontainer.es\/fr\/contenedores\/productos-fr\/arrosage-asphalte-avec-moteur-auxiliaire\/","title":{"rendered":"Arrosage Asphalte avec Moteur Auxiliaire"},"content":{"rendered":"","protected":false},"excerpt":{"rendered":"<p class=\"\" data-start=\"168\" data-end=\"387\">Nous pr\u00e9sentons une nouvelle citerne pour l\u2019arrosage asphalte, \u00e9quip\u00e9e d\u2019un moteur auxiliaire permettant de faire fonctionner l\u2019ensemble du syst\u00e8me d\u2019arrosage, id\u00e9ale pour les camions ne disposant pas de prise de force.<\/p>\n<p class=\"\" data-start=\"389\" data-end=\"525\">La citerne est divis\u00e9e en trois compartiments, avec une capacit\u00e9 de 500 litres de gasoil, 2 500 litres d\u2019eau et 5 500 litres d\u2019\u00e9mulsion.<\/p>\n<p class=\"\" data-start=\"527\" data-end=\"643\">Elle est \u00e9quip\u00e9e d\u2019une rampe extensible de 5 m\u00e8tres, avec un espacement de 100 millim\u00e8tres entre les pulv\u00e9risateurs.<\/p>\n<p class=\"\" data-start=\"645\" data-end=\"810\">La pompe \u00e0 \u00e9mulsion immerg\u00e9e offre un d\u00e9bit de 35 000 litres\/heure. Elle est dot\u00e9e d\u2019une transmission hydrostatique, garantissant un d\u00e9bit et une pression constants.<\/p>\n<p class=\"\" data-start=\"812\" data-end=\"983\">Le fonctionnement des vannes \u00e9lectropneumatiques pour les diff\u00e9rents modes d\u2019utilisation (remplissage, vidange, homog\u00e9n\u00e9isation, etc.) est pilot\u00e9 \u00e0 l\u2019aide d\u2019un processeur.<\/p>\n<p class=\"\" data-start=\"985\" data-end=\"1212\">Cet \u00e9quipement d\u2019arrosage asphalte dispose d\u2019un tableau de commande dans la cabine du camion, avec un \u00e9cran de 7,5 pouces et un joystick pour le contr\u00f4le de la rampe, offrant une utilisation simple et pratique depuis la cabine.<\/p>\n<p>&nbsp;<\/p>\n<p><iframe loading=\"lazy\" title=\"YouTube video player\" src=\"https:\/\/www.youtube.com\/embed\/QvJY7MBI7_k?si=-YXcZeC2XFBCMY9o\" width=\"560\" height=\"315\" frameborder=\"0\" allowfullscreen=\"allowfullscreen\"><\/iframe><\/p>\n<p><iframe loading=\"lazy\" title=\"YouTube video player\" src=\"https:\/\/www.youtube.com\/embed\/5tuuQfCr5rs?si=xbvyIztjwOEb5_3z\" width=\"560\" height=\"315\" frameborder=\"0\" allowfullscreen=\"allowfullscreen\"><\/iframe><\/p>\n","protected":false},"featured_media":7815,"template":"","meta":[],"product_cat":[118],"product_tag":[],"aioseo_notices":[],"_links":{"self":[{"href":"https:\/\/eurocontainer.es\/fr\/wp-json\/wp\/v2\/product\/10154"}],"collection":[{"href":"https:\/\/eurocontainer.es\/fr\/wp-json\/wp\/v2\/product"}],"about":[{"href":"https:\/\/eurocontainer.es\/fr\/wp-json\/wp\/v2\/types\/product"}],"wp:featuredmedia":[{"embeddable":true,"href":"https:\/\/eurocontainer.es\/fr\/wp-json\/wp\/v2\/media\/7815"}],"wp:attachment":[{"href":"https:\/\/eurocontainer.es\/fr\/wp-json\/wp\/v2\/media?parent=10154"}],"wp:term":[{"taxonomy":"product_cat","embeddable":true,"href":"https:\/\/eurocontainer.es\/fr\/wp-json\/wp\/v2\/product_cat?post=10154"},{"taxonomy":"product_tag","embeddable":true,"href":"https:\/\/eurocontainer.es\/fr\/wp-json\/wp\/v2\/product_tag?post=10154"}],"curies":[{"name":"wp","href":"https:\/\/api.w.org\/{rel}","templated":true}]}}