{"id":10158,"date":"2023-11-14T11:39:55","date_gmt":"2023-11-14T11:39:55","guid":{"rendered":"https:\/\/eurocontainer.es\/contenedores\/non%20class\u00e9\/riego-asfaltico-manual\/"},"modified":"2025-03-28T13:51:30","modified_gmt":"2025-03-28T13:51:30","slug":"arrosage-asphalte-manuel","status":"publish","type":"product","link":"https:\/\/eurocontainer.es\/fr\/contenedores\/productos-fr\/arrosage-asphalte-manuel\/","title":{"rendered":"Arrosage Asphalte Manuel"},"content":{"rendered":"","protected":false},"excerpt":{"rendered":"<p class=\"\" data-start=\"113\" data-end=\"491\">Cette citerne comprend trois compartiments (gasoil, eau et \u00e9mulsion). Elle est \u00e9quip\u00e9e de :<br data-start=\"204\" data-end=\"207\" \/>\u2013 <strong data-start=\"209\" data-end=\"234\">Crochet \u00ab hook lift \u00bb<\/strong> pour faciliter les op\u00e9rations de chargement et de d\u00e9chargement<br data-start=\"297\" data-end=\"300\" \/>\u2013 <strong data-start=\"302\" data-end=\"322\">Lance d\u2019arrosage<\/strong> avec tuyau de 5 m\u00e8tres<br data-start=\"345\" data-end=\"348\" \/>\u2013 <strong data-start=\"350\" data-end=\"370\">Tuyau enroulable<\/strong> avec pistolet de pulv\u00e9risation et compteur volum\u00e9trique<br data-start=\"426\" data-end=\"429\" \/>\u2013 <strong data-start=\"431\" data-end=\"457\">Pompe auxiliaire \u00e0 eau<\/strong> pour alimenter l\u2019unit\u00e9 d\u2019\u00e9pandage<\/p>\n<p class=\"\" data-start=\"493\" data-end=\"586\">Le syst\u00e8me de fonctionnement de l\u2019\u00e9quipement s\u2019effectue via le circuit hydraulique du camion.<\/p>\n","protected":false},"featured_media":7664,"template":"","meta":[],"product_cat":[118],"product_tag":[],"aioseo_notices":[],"_links":{"self":[{"href":"https:\/\/eurocontainer.es\/fr\/wp-json\/wp\/v2\/product\/10158"}],"collection":[{"href":"https:\/\/eurocontainer.es\/fr\/wp-json\/wp\/v2\/product"}],"about":[{"href":"https:\/\/eurocontainer.es\/fr\/wp-json\/wp\/v2\/types\/product"}],"wp:featuredmedia":[{"embeddable":true,"href":"https:\/\/eurocontainer.es\/fr\/wp-json\/wp\/v2\/media\/7664"}],"wp:attachment":[{"href":"https:\/\/eurocontainer.es\/fr\/wp-json\/wp\/v2\/media?parent=10158"}],"wp:term":[{"taxonomy":"product_cat","embeddable":true,"href":"https:\/\/eurocontainer.es\/fr\/wp-json\/wp\/v2\/product_cat?post=10158"},{"taxonomy":"product_tag","embeddable":true,"href":"https:\/\/eurocontainer.es\/fr\/wp-json\/wp\/v2\/product_tag?post=10158"}],"curies":[{"name":"wp","href":"https:\/\/api.w.org\/{rel}","templated":true}]}}