{"id":10164,"date":"2023-07-26T07:28:41","date_gmt":"2023-07-26T07:28:41","guid":{"rendered":"https:\/\/eurocontainer.es\/contenedores\/non%20class\u00e9\/transporte-de-ropa-colgada\/"},"modified":"2025-03-28T14:20:11","modified_gmt":"2025-03-28T14:20:11","slug":"transport-de-vetements-suspendus","status":"publish","type":"product","link":"https:\/\/eurocontainer.es\/fr\/contenedores\/conteneur\/transport-de-vetements-suspendus\/","title":{"rendered":"Transport de v\u00eatements suspendus"},"content":{"rendered":"","protected":false},"excerpt":{"rendered":"<p class=\"\" data-start=\"108\" data-end=\"286\">Chez Eurocontainer, nous avons une vaste exp\u00e9rience dans la fabrication de diff\u00e9rents types de conteneurs, caisses mobiles et fourgons pour le transport de v\u00eatements sur cintres.<\/p>\n<p class=\"\" data-start=\"288\" data-end=\"377\">Tous les \u00e9quipements sont fabriqu\u00e9s en fonction des besoins sp\u00e9cifiques de chaque client.<\/p>\n<p class=\"\" data-start=\"379\" data-end=\"490\">L\u2019int\u00e9rieur des \u00e9quipements peut \u00eatre \u00e9quip\u00e9 de plaques \u00e0 trous oblongs, de cr\u00e9maill\u00e8res ou d\u2019un syst\u00e8me mixte.<\/p>\n","protected":false},"featured_media":7538,"template":"","meta":[],"product_cat":[118,87],"product_tag":[],"aioseo_notices":[],"_links":{"self":[{"href":"https:\/\/eurocontainer.es\/fr\/wp-json\/wp\/v2\/product\/10164"}],"collection":[{"href":"https:\/\/eurocontainer.es\/fr\/wp-json\/wp\/v2\/product"}],"about":[{"href":"https:\/\/eurocontainer.es\/fr\/wp-json\/wp\/v2\/types\/product"}],"wp:featuredmedia":[{"embeddable":true,"href":"https:\/\/eurocontainer.es\/fr\/wp-json\/wp\/v2\/media\/7538"}],"wp:attachment":[{"href":"https:\/\/eurocontainer.es\/fr\/wp-json\/wp\/v2\/media?parent=10164"}],"wp:term":[{"taxonomy":"product_cat","embeddable":true,"href":"https:\/\/eurocontainer.es\/fr\/wp-json\/wp\/v2\/product_cat?post=10164"},{"taxonomy":"product_tag","embeddable":true,"href":"https:\/\/eurocontainer.es\/fr\/wp-json\/wp\/v2\/product_tag?post=10164"}],"curies":[{"name":"wp","href":"https:\/\/api.w.org\/{rel}","templated":true}]}}