{"id":10193,"date":"2025-04-09T12:17:07","date_gmt":"2025-04-09T12:17:07","guid":{"rendered":"https:\/\/eurocontainer.es\/?post_type=product&#038;p=10193"},"modified":"2025-12-05T17:45:20","modified_gmt":"2025-12-05T17:45:20","slug":"conteneurs-data-center","status":"publish","type":"product","link":"https:\/\/eurocontainer.es\/fr\/contenedores\/productos-fr\/conteneurs-data-center\/","title":{"rendered":"Conteneurs Data Center"},"content":{"rendered":"","protected":false},"excerpt":{"rendered":"<p>Fabrication de conteneurs Data Center. Ils permettent de disposer d&rsquo;un centre de donn\u00e9es pleinement fonctionnel en moins de temps et avec un investissement moindre. De plus, leur contenu est enti\u00e8rement prot\u00e9g\u00e9 des radiations \u00e9lectromagn\u00e9tiques externes, ainsi que du feu, de l&rsquo;eau ou du sable.<\/p>\n<p>&nbsp;<\/p>\n[FinalTilesGallery id=\"12\"]\n","protected":false},"featured_media":10315,"template":"","meta":[],"product_cat":[130,118],"product_tag":[],"aioseo_notices":[],"_links":{"self":[{"href":"https:\/\/eurocontainer.es\/fr\/wp-json\/wp\/v2\/product\/10193"}],"collection":[{"href":"https:\/\/eurocontainer.es\/fr\/wp-json\/wp\/v2\/product"}],"about":[{"href":"https:\/\/eurocontainer.es\/fr\/wp-json\/wp\/v2\/types\/product"}],"wp:featuredmedia":[{"embeddable":true,"href":"https:\/\/eurocontainer.es\/fr\/wp-json\/wp\/v2\/media\/10315"}],"wp:attachment":[{"href":"https:\/\/eurocontainer.es\/fr\/wp-json\/wp\/v2\/media?parent=10193"}],"wp:term":[{"taxonomy":"product_cat","embeddable":true,"href":"https:\/\/eurocontainer.es\/fr\/wp-json\/wp\/v2\/product_cat?post=10193"},{"taxonomy":"product_tag","embeddable":true,"href":"https:\/\/eurocontainer.es\/fr\/wp-json\/wp\/v2\/product_tag?post=10193"}],"curies":[{"name":"wp","href":"https:\/\/api.w.org\/{rel}","templated":true}]}}