{"id":10267,"date":"2025-04-23T06:48:44","date_gmt":"2025-04-23T06:48:44","guid":{"rendered":"https:\/\/eurocontainer.es\/?post_type=product&#038;p=10267"},"modified":"2025-04-23T08:54:11","modified_gmt":"2025-04-23T08:54:11","slug":"conteneur-ouvert-de-45-pieds","status":"publish","type":"product","link":"https:\/\/eurocontainer.es\/fr\/contenedores\/caisse-mobile\/conteneur-ouvert-de-45-pieds\/","title":{"rendered":"Conteneur ouvert de 45 pieds"},"content":{"rendered":"","protected":false},"excerpt":{"rendered":"<p>Une \u00e9volution con\u00e7ue pour faciliter le chargement et le d\u00e9chargement de marchandises sp\u00e9ciales ou difficiles \u00e0 manipuler.<\/p>\n<ul>\n<li>Ouverture lat\u00e9rale totale pour un acc\u00e8s complet et pratique.<\/li>\n<li>Id\u00e9al pour les charges n\u00e9cessitant une manutention lat\u00e9rale.<\/li>\n<li>Gain de temps dans les op\u00e9rations logistiques.<\/li>\n<li>Parfait pour les marchandises palettis\u00e9es, les machines ou les mat\u00e9riaux non standard -Parfait pour les marchandises palettis\u00e9es, les machines ou les mat\u00e9riaux non standard<\/li>\n<\/ul>\n","protected":false},"featured_media":10246,"template":"","meta":[],"product_cat":[118,85],"product_tag":[],"aioseo_notices":[],"_links":{"self":[{"href":"https:\/\/eurocontainer.es\/fr\/wp-json\/wp\/v2\/product\/10267"}],"collection":[{"href":"https:\/\/eurocontainer.es\/fr\/wp-json\/wp\/v2\/product"}],"about":[{"href":"https:\/\/eurocontainer.es\/fr\/wp-json\/wp\/v2\/types\/product"}],"wp:featuredmedia":[{"embeddable":true,"href":"https:\/\/eurocontainer.es\/fr\/wp-json\/wp\/v2\/media\/10246"}],"wp:attachment":[{"href":"https:\/\/eurocontainer.es\/fr\/wp-json\/wp\/v2\/media?parent=10267"}],"wp:term":[{"taxonomy":"product_cat","embeddable":true,"href":"https:\/\/eurocontainer.es\/fr\/wp-json\/wp\/v2\/product_cat?post=10267"},{"taxonomy":"product_tag","embeddable":true,"href":"https:\/\/eurocontainer.es\/fr\/wp-json\/wp\/v2\/product_tag?post=10267"}],"curies":[{"name":"wp","href":"https:\/\/api.w.org\/{rel}","templated":true}]}}