{"id":10806,"date":"2025-11-27T12:39:24","date_gmt":"2025-11-27T12:39:24","guid":{"rendered":"https:\/\/eurocontainer.es\/?post_type=product&#038;p=10806"},"modified":"2025-12-05T17:40:19","modified_gmt":"2025-12-05T17:40:19","slug":"salles-modulaires","status":"publish","type":"product","link":"https:\/\/eurocontainer.es\/fr\/contenedores\/productos-fr\/salles-modulaires\/","title":{"rendered":"Salles Modulaires"},"content":{"rendered":"","protected":false},"excerpt":{"rendered":"<p>Eurocontainer con\u00e7oit, fabrique et int\u00e8gre \u00e9lectriquement tous types de salles modulaires. Il s&rsquo;agit de solutions constructives compactes et s\u00fbres. L&rsquo;avantage de ce type de salles est qu&rsquo;elles peuvent \u00eatre facilement transport\u00e9es et mises en service d\u00e8s leur arriv\u00e9e \u00e0 destination. Les applications finales peuvent \u00eatre multiples: centres de donn\u00e9es, t\u00e9l\u00e9communications, stockage d&rsquo;\u00e9nergie, salles de contr\u00f4le, etc.<\/p>\n","protected":false},"featured_media":10827,"template":"","meta":[],"product_cat":[118],"product_tag":[],"aioseo_notices":[],"_links":{"self":[{"href":"https:\/\/eurocontainer.es\/fr\/wp-json\/wp\/v2\/product\/10806"}],"collection":[{"href":"https:\/\/eurocontainer.es\/fr\/wp-json\/wp\/v2\/product"}],"about":[{"href":"https:\/\/eurocontainer.es\/fr\/wp-json\/wp\/v2\/types\/product"}],"wp:featuredmedia":[{"embeddable":true,"href":"https:\/\/eurocontainer.es\/fr\/wp-json\/wp\/v2\/media\/10827"}],"wp:attachment":[{"href":"https:\/\/eurocontainer.es\/fr\/wp-json\/wp\/v2\/media?parent=10806"}],"wp:term":[{"taxonomy":"product_cat","embeddable":true,"href":"https:\/\/eurocontainer.es\/fr\/wp-json\/wp\/v2\/product_cat?post=10806"},{"taxonomy":"product_tag","embeddable":true,"href":"https:\/\/eurocontainer.es\/fr\/wp-json\/wp\/v2\/product_tag?post=10806"}],"curies":[{"name":"wp","href":"https:\/\/api.w.org\/{rel}","templated":true}]}}