{"id":11307,"date":"2026-01-19T08:49:41","date_gmt":"2026-01-19T08:49:41","guid":{"rendered":"https:\/\/eurocontainer.es\/?post_type=product&#038;p=11307"},"modified":"2026-01-19T09:53:56","modified_gmt":"2026-01-19T09:53:56","slug":"caisse-mobile-45-box-modele-fourgon","status":"publish","type":"product","link":"https:\/\/eurocontainer.es\/fr\/contenedores\/caisse-mobile\/caisse-mobile-45-box-modele-fourgon\/","title":{"rendered":"Caisse mobile 45\u00b4 BOX  mod\u00e8le fourgon"},"content":{"rendered":"","protected":false},"excerpt":{"rendered":"<p>Les caisses mobiles en t\u00f4le, de type fourgon, se distinguent par leur espace int\u00e9rieur sup\u00e9rieur \u00e0 celui des conteneurs de 45 pieds. D\u00e9pourvues d&rsquo;angles sup\u00e9rieurs, elles offrent un volume int\u00e9rieur accru et un poids \u00e0 vide r\u00e9duit, permettant ainsi une capacit\u00e9 de chargement sup\u00e9rieure.<\/p>\n<p>Ces caisses sont \u00e9quip\u00e9es de pinces lat\u00e9rales facilitant le chargement et le d\u00e9chargement ferroviaires (transport combin\u00e9).<\/p>\n<p>Chez Eurocontainer, nous concevons et fabriquons toutes les configurations possibles pour ce mod\u00e8le, que ce soit pour les marchandises s\u00e8ches, le linge suspendu, les conteneurs \u00e0 double \u00e9tage, le transport automobile, etc., en privil\u00e9giant toujours la hauteur int\u00e9rieure maximale (jusqu&rsquo;\u00e0 3\u00a0000 mm pour un volume de chargement sup\u00e9rieur \u00e0 101 m\u00b3<\/p>\n","protected":false},"featured_media":11364,"template":"","meta":[],"product_cat":[118,85],"product_tag":[],"aioseo_notices":[],"_links":{"self":[{"href":"https:\/\/eurocontainer.es\/fr\/wp-json\/wp\/v2\/product\/11307"}],"collection":[{"href":"https:\/\/eurocontainer.es\/fr\/wp-json\/wp\/v2\/product"}],"about":[{"href":"https:\/\/eurocontainer.es\/fr\/wp-json\/wp\/v2\/types\/product"}],"wp:featuredmedia":[{"embeddable":true,"href":"https:\/\/eurocontainer.es\/fr\/wp-json\/wp\/v2\/media\/11364"}],"wp:attachment":[{"href":"https:\/\/eurocontainer.es\/fr\/wp-json\/wp\/v2\/media?parent=11307"}],"wp:term":[{"taxonomy":"product_cat","embeddable":true,"href":"https:\/\/eurocontainer.es\/fr\/wp-json\/wp\/v2\/product_cat?post=11307"},{"taxonomy":"product_tag","embeddable":true,"href":"https:\/\/eurocontainer.es\/fr\/wp-json\/wp\/v2\/product_tag?post=11307"}],"curies":[{"name":"wp","href":"https:\/\/api.w.org\/{rel}","templated":true}]}}