{"id":3801,"date":"2019-02-12T16:57:12","date_gmt":"2019-02-12T16:57:12","guid":{"rendered":"https:\/\/eurocontainer.es\/productos\/non%20class\u00e9\/conteneur_offshore\/"},"modified":"2025-03-28T11:52:31","modified_gmt":"2025-03-28T11:52:31","slug":"conteneur_offshore","status":"publish","type":"product","link":"https:\/\/eurocontainer.es\/fr\/contenedores\/conteneur\/conteneur_offshore\/","title":{"rendered":"Conteneurs Offshore"},"content":{"rendered":"<p>Conteneurs sp\u00e9cialement con\u00e7us pour le transport d\u2019\u00e9quipements et de fournitures, et pour \u00eatre manipul\u00e9s en haute mer.<\/p>\n","protected":false},"excerpt":{"rendered":"<p>Le groupe Eurocontainer, en partenariat avec la soci\u00e9t\u00e9 Atlas Copco, a r\u00e9alis\u00e9 la production du premier conteneur offshore, enti\u00e8rement fabriqu\u00e9 dans nos installations de Saragosse.<\/p>\n<p>Un conteneur offshore est une \u00ab unit\u00e9 mobile, sp\u00e9cialement con\u00e7ue pour le transport d\u2019\u00e9quipements et de fournitures, et pour \u00eatre manipul\u00e9e en haute mer, vers ou depuis (et parfois entre) des plateformes fixes et\/ou mobiles \u00bb.<\/p>\n<p>Les conteneurs offshore sont souvent expos\u00e9s aux conditions extr\u00eames de la haute mer, plac\u00e9s sur le pont de navires de soutien ou charg\u00e9s sur des plateformes. Cela implique que la temp\u00e9rature minimale de conception est g\u00e9n\u00e9ralement sp\u00e9cifi\u00e9e \u00e0 -20 \u00b0C, et que la structure principale doit \u00eatre fabriqu\u00e9e avec un mat\u00e9riau garantissant une r\u00e9sistance ad\u00e9quate \u00e0 cette temp\u00e9rature.<\/p>\n<p><strong>Conformit\u00e9 aux r\u00e9glementations suivantes :<\/strong><\/p>\n<ul>\n<li>CSC : Convention internationale sur la s\u00e9curit\u00e9 des conteneurs<\/li>\n<li>DNV 2.7-1 : Conteneurs Offshore<\/li>\n<\/ul>\n<p>\u00c9tude de la structure r\u00e9alis\u00e9e \u00e0 l\u2019aide d\u2019une analyse par \u00e9l\u00e9ments finis, simulant tous les risques possibles, et essais men\u00e9s selon des protocoles internationalement reconnus.<\/p>\n<p>Essais r\u00e9alis\u00e9s conform\u00e9ment \u00e0 la norme DNV 2.7-1.<\/p>\n","protected":false},"featured_media":3815,"template":"","meta":[],"product_cat":[118,87],"product_tag":[],"aioseo_notices":[],"_links":{"self":[{"href":"https:\/\/eurocontainer.es\/fr\/wp-json\/wp\/v2\/product\/3801"}],"collection":[{"href":"https:\/\/eurocontainer.es\/fr\/wp-json\/wp\/v2\/product"}],"about":[{"href":"https:\/\/eurocontainer.es\/fr\/wp-json\/wp\/v2\/types\/product"}],"wp:featuredmedia":[{"embeddable":true,"href":"https:\/\/eurocontainer.es\/fr\/wp-json\/wp\/v2\/media\/3815"}],"wp:attachment":[{"href":"https:\/\/eurocontainer.es\/fr\/wp-json\/wp\/v2\/media?parent=3801"}],"wp:term":[{"taxonomy":"product_cat","embeddable":true,"href":"https:\/\/eurocontainer.es\/fr\/wp-json\/wp\/v2\/product_cat?post=3801"},{"taxonomy":"product_tag","embeddable":true,"href":"https:\/\/eurocontainer.es\/fr\/wp-json\/wp\/v2\/product_tag?post=3801"}],"curies":[{"name":"wp","href":"https:\/\/api.w.org\/{rel}","templated":true}]}}