{"id":3850,"date":"2019-02-12T15:46:07","date_gmt":"2019-02-12T15:46:07","guid":{"rendered":"https:\/\/eurocontainer.es\/productos\/non%20class\u00e9\/megaconteneurs\/"},"modified":"2025-03-28T11:46:53","modified_gmt":"2025-03-28T11:46:53","slug":"megaconteneurs","status":"publish","type":"product","link":"https:\/\/eurocontainer.es\/fr\/contenedores\/productos-fr\/megaconteneurs\/","title":{"rendered":"M\u00e9ga-conteneurs"},"content":{"rendered":"","protected":false},"excerpt":{"rendered":"<p>Chez Eurocontainer, nous fabriquons \u00e9galement des conteneurs qui se distinguent par leurs grandes dimensions. Il s\u2019agit de conteneurs hors normes, que ce soit en largeur, en hauteur ou en longueur.<\/p>\n<p>Parmi nos projets r\u00e9cents, nous mettons en avant des innovations telles que le premier conteneur de 53\u2019 fabriqu\u00e9 en Espagne, ou encore un mod\u00e8le de conteneur porte-voitures con\u00e7u pour transporter des v\u00e9hicules \u00e0 l\u2019int\u00e9rieur, \u00e9vitant ainsi les dommages pendant le transport.<\/p>\n","protected":false},"featured_media":11049,"template":"","meta":[],"product_cat":[118],"product_tag":[],"aioseo_notices":[],"_links":{"self":[{"href":"https:\/\/eurocontainer.es\/fr\/wp-json\/wp\/v2\/product\/3850"}],"collection":[{"href":"https:\/\/eurocontainer.es\/fr\/wp-json\/wp\/v2\/product"}],"about":[{"href":"https:\/\/eurocontainer.es\/fr\/wp-json\/wp\/v2\/types\/product"}],"wp:featuredmedia":[{"embeddable":true,"href":"https:\/\/eurocontainer.es\/fr\/wp-json\/wp\/v2\/media\/11049"}],"wp:attachment":[{"href":"https:\/\/eurocontainer.es\/fr\/wp-json\/wp\/v2\/media?parent=3850"}],"wp:term":[{"taxonomy":"product_cat","embeddable":true,"href":"https:\/\/eurocontainer.es\/fr\/wp-json\/wp\/v2\/product_cat?post=3850"},{"taxonomy":"product_tag","embeddable":true,"href":"https:\/\/eurocontainer.es\/fr\/wp-json\/wp\/v2\/product_tag?post=3850"}],"curies":[{"name":"wp","href":"https:\/\/api.w.org\/{rel}","templated":true}]}}