{"id":3878,"date":"2019-02-12T15:09:24","date_gmt":"2019-02-12T15:09:24","guid":{"rendered":"https:\/\/eurocontainer.es\/productos\/non%20class\u00e9\/bitucontainers\/"},"modified":"2024-12-30T16:56:25","modified_gmt":"2024-12-30T16:56:25","slug":"bitucontainers","status":"publish","type":"product","link":"https:\/\/eurocontainer.es\/fr\/contenedores\/conteneur\/bitucontainers\/","title":{"rendered":"Bitucontainers"},"content":{"rendered":"<div class=\"list styled custom-list\">\n<p><a href=\"https:\/\/eurocontainer.es\/wp-content\/uploads\/woocommerce_uploads\/2019\/02\/BITUCONTAINERS-ENGLISH.pdf\" target=\"_blank\" rel=\"noopener noreferrer\"><img decoding=\"async\" loading=\"lazy\" class=\"wp-image-3465 size-full alignleft\" src=\"https:\/\/eurocontainer.es\/wp-content\/uploads\/2019\/02\/ficha-1.png\" alt=\"\" width=\"160\" height=\"67\" \/><\/a><\/p>\n<\/div>\n","protected":false},"excerpt":{"rendered":"<p>Conteneurs sp\u00e9cialement con\u00e7us pour le stockage et\/ou le transport de bitume asphaltique, ainsi que d&rsquo;\u00e9mulsions de bitume, de BMP et de fiouls lourds.<\/p>\n<ul>\n<li><strong>Container Standard 20&prime; ISO<\/strong><\/li>\n<li><strong>Capacit\u00e9<\/strong> : 30 000 litres<\/li>\n<li><strong>Tare<\/strong> : 3 000 kilogrammes<\/li>\n<li>Parfait pour le transport maritime, ferroviaire et routier<\/li>\n<li>Capacit\u00e9 op\u00e9rationnelle lors du chargement et du processus de d\u00e9chargement<\/li>\n<li>Efficacit\u00e9 \u00e9nerg\u00e9tique maximale<\/li>\n<li>S\u00e9curit\u00e9 accrue<\/li>\n<li>Aucun impact environnemental<\/li>\n<\/ul>\n","protected":false},"featured_media":3891,"template":"","meta":[],"product_cat":[118,87],"product_tag":[],"aioseo_notices":[],"_links":{"self":[{"href":"https:\/\/eurocontainer.es\/fr\/wp-json\/wp\/v2\/product\/3878"}],"collection":[{"href":"https:\/\/eurocontainer.es\/fr\/wp-json\/wp\/v2\/product"}],"about":[{"href":"https:\/\/eurocontainer.es\/fr\/wp-json\/wp\/v2\/types\/product"}],"wp:featuredmedia":[{"embeddable":true,"href":"https:\/\/eurocontainer.es\/fr\/wp-json\/wp\/v2\/media\/3891"}],"wp:attachment":[{"href":"https:\/\/eurocontainer.es\/fr\/wp-json\/wp\/v2\/media?parent=3878"}],"wp:term":[{"taxonomy":"product_cat","embeddable":true,"href":"https:\/\/eurocontainer.es\/fr\/wp-json\/wp\/v2\/product_cat?post=3878"},{"taxonomy":"product_tag","embeddable":true,"href":"https:\/\/eurocontainer.es\/fr\/wp-json\/wp\/v2\/product_tag?post=3878"}],"curies":[{"name":"wp","href":"https:\/\/api.w.org\/{rel}","templated":true}]}}