{"id":3911,"date":"2019-02-12T13:11:48","date_gmt":"2019-02-12T13:11:48","guid":{"rendered":"https:\/\/eurocontainer.es\/productos\/non%20class\u00e9\/pour-groupespour-groupes\/"},"modified":"2025-03-28T11:57:36","modified_gmt":"2025-03-28T11:57:36","slug":"conteneurs-pour-groupes-electrogenes","status":"publish","type":"product","link":"https:\/\/eurocontainer.es\/fr\/contenedores\/conteneur\/conteneurs-pour-groupes-electrogenes\/","title":{"rendered":"Conteneurs pour Groupes \u00c9lectrog\u00e8nes"},"content":{"rendered":"","protected":false},"excerpt":{"rendered":"<p>Ce type de conteneur est utilis\u00e9 pour l\u2019alimentation \u00e9lectrique d\u2019urgence en cas de panne du r\u00e9seau existant ou d\u2019\u00e9v\u00e9nements climatiques impr\u00e9vus, y compris dans les zones non desservies par l\u2019\u00e9lectricit\u00e9.<\/p>\n<p>Conteneurs sp\u00e9cialement con\u00e7us pour accueillir des groupes \u00e9lectrog\u00e8nes. Ce type de produit est principalement utilis\u00e9 pour fournir de l\u2019\u00e9nergie \u00e9lectrique en urgence.<\/p>\n<p>Gr\u00e2ce \u00e0 leurs dimensions standard, nos conteneurs sont adapt\u00e9s \u00e0 un transport s\u00fbr et efficace par tous les moyens : route, rail et mer.<\/p>\n<p><strong>Caract\u00e9ristiques principales :<\/strong><\/p>\n<ul>\n<li>Conteneur standard ISO 20\u2019 et 40\u2019<\/li>\n<li>Nous proposons des solutions sur mesure pour chaque projet<\/li>\n<li>Nos conteneurs respectent toutes les normes applicables : I.S.O., U.C.I., C.S.C.<\/li>\n<li>Grilles de ventilation avec lames anti-pluie<\/li>\n<li>Possibilit\u00e9 d\u2019isolation thermique et acoustique<\/li>\n<li>Conception possible de conteneur de type \u201cOffshore\u201d<\/li>\n<\/ul>\n","protected":false},"featured_media":3928,"template":"","meta":[],"product_cat":[118,87],"product_tag":[],"aioseo_notices":[],"_links":{"self":[{"href":"https:\/\/eurocontainer.es\/fr\/wp-json\/wp\/v2\/product\/3911"}],"collection":[{"href":"https:\/\/eurocontainer.es\/fr\/wp-json\/wp\/v2\/product"}],"about":[{"href":"https:\/\/eurocontainer.es\/fr\/wp-json\/wp\/v2\/types\/product"}],"wp:featuredmedia":[{"embeddable":true,"href":"https:\/\/eurocontainer.es\/fr\/wp-json\/wp\/v2\/media\/3928"}],"wp:attachment":[{"href":"https:\/\/eurocontainer.es\/fr\/wp-json\/wp\/v2\/media?parent=3911"}],"wp:term":[{"taxonomy":"product_cat","embeddable":true,"href":"https:\/\/eurocontainer.es\/fr\/wp-json\/wp\/v2\/product_cat?post=3911"},{"taxonomy":"product_tag","embeddable":true,"href":"https:\/\/eurocontainer.es\/fr\/wp-json\/wp\/v2\/product_tag?post=3911"}],"curies":[{"name":"wp","href":"https:\/\/api.w.org\/{rel}","templated":true}]}}