{"id":3960,"date":"2019-02-12T12:41:19","date_gmt":"2019-02-12T12:41:19","guid":{"rendered":"https:\/\/eurocontainer.es\/productos\/non class\u00e9\/open-side\/"},"modified":"2019-02-12T12:41:19","modified_gmt":"2019-02-12T12:41:19","slug":"open-side","status":"publish","type":"product","link":"https:\/\/eurocontainer.es\/fr\/contenedores\/conteneur\/open-side\/","title":{"rendered":"Open Side"},"content":{"rendered":"","protected":false},"excerpt":{"rendered":"<p>Ils ont un ou deux c\u00f4t\u00e9s ouverts. Ils sont utilis\u00e9s pour le transport de marchandises de grande longueurs et qui ne peuvent \u00eatre charg\u00e9es par les portes du conteneur.<\/p>\n","protected":false},"featured_media":7694,"template":"","meta":[],"product_cat":[118,87],"product_tag":[],"aioseo_notices":[],"_links":{"self":[{"href":"https:\/\/eurocontainer.es\/fr\/wp-json\/wp\/v2\/product\/3960"}],"collection":[{"href":"https:\/\/eurocontainer.es\/fr\/wp-json\/wp\/v2\/product"}],"about":[{"href":"https:\/\/eurocontainer.es\/fr\/wp-json\/wp\/v2\/types\/product"}],"wp:featuredmedia":[{"embeddable":true,"href":"https:\/\/eurocontainer.es\/fr\/wp-json\/wp\/v2\/media\/7694"}],"wp:attachment":[{"href":"https:\/\/eurocontainer.es\/fr\/wp-json\/wp\/v2\/media?parent=3960"}],"wp:term":[{"taxonomy":"product_cat","embeddable":true,"href":"https:\/\/eurocontainer.es\/fr\/wp-json\/wp\/v2\/product_cat?post=3960"},{"taxonomy":"product_tag","embeddable":true,"href":"https:\/\/eurocontainer.es\/fr\/wp-json\/wp\/v2\/product_tag?post=3960"}],"curies":[{"name":"wp","href":"https:\/\/api.w.org\/{rel}","templated":true}]}}