{"id":3984,"date":"2019-02-11T16:47:16","date_gmt":"2019-02-11T16:47:16","guid":{"rendered":"https:\/\/eurocontainer.es\/productos\/non class\u00e9\/flat-rack\/"},"modified":"2019-02-11T16:47:16","modified_gmt":"2019-02-11T16:47:16","slug":"flat-rack","status":"publish","type":"product","link":"https:\/\/eurocontainer.es\/fr\/contenedores\/conteneur\/flat-rack\/","title":{"rendered":"Flat Rack"},"content":{"rendered":"","protected":false},"excerpt":{"rendered":"<p>Conteneur plat ne comportent pas de parois lat\u00e9rales et sont disponibles avec un mur d&rsquo;extr\u00e9mit\u00e9 fixe ou rabattable. Ils sont d\u00e9di\u00e9s au transport d&rsquo;articles lourds, volumineux qui n\u00e9cessite surpasser par n\u2019importe lequel des deux c\u00f4t\u00e9s en largeur.<\/p>\n","protected":false},"featured_media":3985,"template":"","meta":[],"product_cat":[118,87],"product_tag":[],"aioseo_notices":[],"_links":{"self":[{"href":"https:\/\/eurocontainer.es\/fr\/wp-json\/wp\/v2\/product\/3984"}],"collection":[{"href":"https:\/\/eurocontainer.es\/fr\/wp-json\/wp\/v2\/product"}],"about":[{"href":"https:\/\/eurocontainer.es\/fr\/wp-json\/wp\/v2\/types\/product"}],"wp:featuredmedia":[{"embeddable":true,"href":"https:\/\/eurocontainer.es\/fr\/wp-json\/wp\/v2\/media\/3985"}],"wp:attachment":[{"href":"https:\/\/eurocontainer.es\/fr\/wp-json\/wp\/v2\/media?parent=3984"}],"wp:term":[{"taxonomy":"product_cat","embeddable":true,"href":"https:\/\/eurocontainer.es\/fr\/wp-json\/wp\/v2\/product_cat?post=3984"},{"taxonomy":"product_tag","embeddable":true,"href":"https:\/\/eurocontainer.es\/fr\/wp-json\/wp\/v2\/product_tag?post=3984"}],"curies":[{"name":"wp","href":"https:\/\/api.w.org\/{rel}","templated":true}]}}