{"id":4002,"date":"2019-02-11T16:37:39","date_gmt":"2019-02-11T16:37:39","guid":{"rendered":"https:\/\/eurocontainer.es\/productos\/non class\u00e9\/citerne\/"},"modified":"2019-02-11T16:37:39","modified_gmt":"2019-02-11T16:37:39","slug":"citerne","status":"publish","type":"product","link":"https:\/\/eurocontainer.es\/fr\/contenedores\/citerne\/citerne\/","title":{"rendered":"Citerne"},"content":{"rendered":"<p>En Multitank fabricamos todo tipo de equipos nuevos de acuerdo con los deseos de nuestros clientes, la normativa a aplicar y el producto a transportar:<\/p>\n<ul>\n<li><strong>ISO <\/strong><em>(10&prime;, 20&prime;,30&prime;, 40&prime;), Cajas M\u00f3viles (Sim\u00e9tricas, Asim\u00e9tricas), Offshore.<img decoding=\"async\" loading=\"lazy\" class=\"size-full wp-image-3406 alignright\" src=\"https:\/\/eurocontainer.es\/wp-content\/uploads\/2019\/02\/client_3.png\" alt=\"\" width=\"268\" height=\"60\" \/><\/em><\/li>\n<li><strong>Bajo Normas:<\/strong><em>\u00a0IMDG, ADR\/RID, US-DOT, CSC, TPED, PED, ATP, DNV 2.7, Transport Canada, ISO, TIR<\/em><\/li>\n<li><strong>Para<\/strong><em>\u00a0l\u00edquidos qu\u00edmicos, gases qu\u00edmicos, corrosivos, alta temperatura, criog\u00e9nicos, alimenticios, pulverulentos<\/em><\/li>\n<li><strong>Especiales:<\/strong><em>\u00a0Equipos dise\u00f1ados a medida<\/em><\/li>\n<\/ul>\n<p>&nbsp;<\/p>\n","protected":false},"excerpt":{"rendered":"<p>Ces types de conteneurs sont la solution la plus avantageuse pour le transport de mati\u00e8res gazeuses, liquides, pulv\u00e9rulentes, granulaires ou alimentaires.<\/p>\n","protected":false},"featured_media":4005,"template":"","meta":[],"product_cat":[118,86],"product_tag":[],"aioseo_notices":[],"_links":{"self":[{"href":"https:\/\/eurocontainer.es\/fr\/wp-json\/wp\/v2\/product\/4002"}],"collection":[{"href":"https:\/\/eurocontainer.es\/fr\/wp-json\/wp\/v2\/product"}],"about":[{"href":"https:\/\/eurocontainer.es\/fr\/wp-json\/wp\/v2\/types\/product"}],"wp:featuredmedia":[{"embeddable":true,"href":"https:\/\/eurocontainer.es\/fr\/wp-json\/wp\/v2\/media\/4005"}],"wp:attachment":[{"href":"https:\/\/eurocontainer.es\/fr\/wp-json\/wp\/v2\/media?parent=4002"}],"wp:term":[{"taxonomy":"product_cat","embeddable":true,"href":"https:\/\/eurocontainer.es\/fr\/wp-json\/wp\/v2\/product_cat?post=4002"},{"taxonomy":"product_tag","embeddable":true,"href":"https:\/\/eurocontainer.es\/fr\/wp-json\/wp\/v2\/product_tag?post=4002"}],"curies":[{"name":"wp","href":"https:\/\/api.w.org\/{rel}","templated":true}]}}