{"id":4034,"date":"2019-02-11T16:18:01","date_gmt":"2019-02-11T16:18:01","guid":{"rendered":"https:\/\/eurocontainer.es\/productos\/non class\u00e9\/caisse-mobile-sur-bequilles\/"},"modified":"2019-02-11T16:18:01","modified_gmt":"2019-02-11T16:18:01","slug":"caisse-mobile-sur-bequilles","status":"publish","type":"product","link":"https:\/\/eurocontainer.es\/fr\/contenedores\/caisse-mobile\/caisse-mobile-sur-bequilles\/","title":{"rendered":"Caisse mobile sur b\u00e9quilles"},"content":{"rendered":"","protected":false},"excerpt":{"rendered":"<p>Caisse mobile sur b\u00e9quilles repliables regulables en hauteur, et adapt\u00e9 pour le transport combin\u00e9 rail-route.<\/p>\n","protected":false},"featured_media":4045,"template":"","meta":[],"product_cat":[118,85],"product_tag":[],"aioseo_notices":[],"_links":{"self":[{"href":"https:\/\/eurocontainer.es\/fr\/wp-json\/wp\/v2\/product\/4034"}],"collection":[{"href":"https:\/\/eurocontainer.es\/fr\/wp-json\/wp\/v2\/product"}],"about":[{"href":"https:\/\/eurocontainer.es\/fr\/wp-json\/wp\/v2\/types\/product"}],"wp:featuredmedia":[{"embeddable":true,"href":"https:\/\/eurocontainer.es\/fr\/wp-json\/wp\/v2\/media\/4045"}],"wp:attachment":[{"href":"https:\/\/eurocontainer.es\/fr\/wp-json\/wp\/v2\/media?parent=4034"}],"wp:term":[{"taxonomy":"product_cat","embeddable":true,"href":"https:\/\/eurocontainer.es\/fr\/wp-json\/wp\/v2\/product_cat?post=4034"},{"taxonomy":"product_tag","embeddable":true,"href":"https:\/\/eurocontainer.es\/fr\/wp-json\/wp\/v2\/product_tag?post=4034"}],"curies":[{"name":"wp","href":"https:\/\/api.w.org\/{rel}","templated":true}]}}