{"id":4046,"date":"2018-11-21T13:12:03","date_gmt":"2018-11-21T13:12:03","guid":{"rendered":"https:\/\/eurocontainer.es\/productos\/non%20class\u00e9\/caisse-mobile-bachee\/"},"modified":"2024-10-30T06:50:57","modified_gmt":"2024-10-30T06:50:57","slug":"caisse-mobile-bachee","status":"publish","type":"product","link":"https:\/\/eurocontainer.es\/fr\/contenedores\/caisse-mobile\/caisse-mobile-bachee\/","title":{"rendered":"CAISSE MOBILE B\u00c2CH\u00c9E"},"content":{"rendered":"","protected":false},"excerpt":{"rendered":"<p>Bo\u00eete mobile de 45 pieds avec c\u00f4t\u00e9s et toit escamotable en toile. Conception qui permet de charger par les deux portes lat\u00e9rales et aussi par le toit.<\/p>\n<p>&nbsp;<\/p>\n<p><iframe loading=\"lazy\" title=\"YouTube video player\" src=\"https:\/\/www.youtube.com\/embed\/jamLeqr2Ksc?si=JuhxEGue5n68AHPT\" width=\"560\" height=\"315\" frameborder=\"0\" allowfullscreen=\"allowfullscreen\"><\/iframe><\/p>\n<p><iframe loading=\"lazy\" title=\"YouTube video player\" src=\"https:\/\/www.youtube.com\/embed\/wr8A_HhsTNA?si=eOK_nVOdDPaZAwl9\" width=\"560\" height=\"315\" frameborder=\"0\" allowfullscreen=\"allowfullscreen\"><\/iframe><\/p>\n","protected":false},"featured_media":4054,"template":"","meta":[],"product_cat":[118,85],"product_tag":[],"aioseo_notices":[],"_links":{"self":[{"href":"https:\/\/eurocontainer.es\/fr\/wp-json\/wp\/v2\/product\/4046"}],"collection":[{"href":"https:\/\/eurocontainer.es\/fr\/wp-json\/wp\/v2\/product"}],"about":[{"href":"https:\/\/eurocontainer.es\/fr\/wp-json\/wp\/v2\/types\/product"}],"wp:featuredmedia":[{"embeddable":true,"href":"https:\/\/eurocontainer.es\/fr\/wp-json\/wp\/v2\/media\/4054"}],"wp:attachment":[{"href":"https:\/\/eurocontainer.es\/fr\/wp-json\/wp\/v2\/media?parent=4046"}],"wp:term":[{"taxonomy":"product_cat","embeddable":true,"href":"https:\/\/eurocontainer.es\/fr\/wp-json\/wp\/v2\/product_cat?post=4046"},{"taxonomy":"product_tag","embeddable":true,"href":"https:\/\/eurocontainer.es\/fr\/wp-json\/wp\/v2\/product_tag?post=4046"}],"curies":[{"name":"wp","href":"https:\/\/api.w.org\/{rel}","templated":true}]}}