{"id":4071,"date":"2018-11-21T12:20:21","date_gmt":"2018-11-21T12:20:21","guid":{"rendered":"https:\/\/eurocontainer.es\/productos\/non class\u00e9\/caja-movil-de-45\/"},"modified":"2018-11-21T12:20:21","modified_gmt":"2018-11-21T12:20:21","slug":"caja-movil-de-45","status":"publish","type":"product","link":"https:\/\/eurocontainer.es\/fr\/contenedores\/caisse-mobile\/caja-movil-de-45\/","title":{"rendered":"Caisse mobile 45&prime;"},"content":{"rendered":"","protected":false},"excerpt":{"rendered":"<p>Caisse mobile de 45 pieds \u00e0 grande capacit\u00e9 de charge utile. Respecte l&rsquo;infrastructure des conteneurs de 40 pieds pour faciliter le transport et les d\u00e9placements.<\/p>\n","protected":false},"featured_media":4072,"template":"","meta":[],"product_cat":[118,85],"product_tag":[],"aioseo_notices":[],"_links":{"self":[{"href":"https:\/\/eurocontainer.es\/fr\/wp-json\/wp\/v2\/product\/4071"}],"collection":[{"href":"https:\/\/eurocontainer.es\/fr\/wp-json\/wp\/v2\/product"}],"about":[{"href":"https:\/\/eurocontainer.es\/fr\/wp-json\/wp\/v2\/types\/product"}],"wp:featuredmedia":[{"embeddable":true,"href":"https:\/\/eurocontainer.es\/fr\/wp-json\/wp\/v2\/media\/4072"}],"wp:attachment":[{"href":"https:\/\/eurocontainer.es\/fr\/wp-json\/wp\/v2\/media?parent=4071"}],"wp:term":[{"taxonomy":"product_cat","embeddable":true,"href":"https:\/\/eurocontainer.es\/fr\/wp-json\/wp\/v2\/product_cat?post=4071"},{"taxonomy":"product_tag","embeddable":true,"href":"https:\/\/eurocontainer.es\/fr\/wp-json\/wp\/v2\/product_tag?post=4071"}],"curies":[{"name":"wp","href":"https:\/\/api.w.org\/{rel}","templated":true}]}}