{"id":4095,"date":"2018-11-21T11:37:47","date_gmt":"2018-11-21T11:37:47","guid":{"rendered":"https:\/\/eurocontainer.es\/productos\/non class\u00e9\/open-top\/"},"modified":"2018-11-21T11:37:47","modified_gmt":"2018-11-21T11:37:47","slug":"open-top","status":"publish","type":"product","link":"https:\/\/eurocontainer.es\/fr\/contenedores\/conteneur\/open-top\/","title":{"rendered":"Open Top"},"content":{"rendered":"","protected":false},"excerpt":{"rendered":"<p>Les conteneurs Open Top ont comme principale caract\u00e9ristique d&rsquo;\u00eatre ouverts par le haut, cela permet \u00e0 la marchandise de d\u00e9passer la hauteur du conteneur.<\/p>\n","protected":false},"featured_media":4100,"template":"","meta":[],"product_cat":[118,87],"product_tag":[],"aioseo_notices":[],"_links":{"self":[{"href":"https:\/\/eurocontainer.es\/fr\/wp-json\/wp\/v2\/product\/4095"}],"collection":[{"href":"https:\/\/eurocontainer.es\/fr\/wp-json\/wp\/v2\/product"}],"about":[{"href":"https:\/\/eurocontainer.es\/fr\/wp-json\/wp\/v2\/types\/product"}],"wp:featuredmedia":[{"embeddable":true,"href":"https:\/\/eurocontainer.es\/fr\/wp-json\/wp\/v2\/media\/4100"}],"wp:attachment":[{"href":"https:\/\/eurocontainer.es\/fr\/wp-json\/wp\/v2\/media?parent=4095"}],"wp:term":[{"taxonomy":"product_cat","embeddable":true,"href":"https:\/\/eurocontainer.es\/fr\/wp-json\/wp\/v2\/product_cat?post=4095"},{"taxonomy":"product_tag","embeddable":true,"href":"https:\/\/eurocontainer.es\/fr\/wp-json\/wp\/v2\/product_tag?post=4095"}],"curies":[{"name":"wp","href":"https:\/\/api.w.org\/{rel}","templated":true}]}}