{"id":4101,"date":"2018-11-20T15:24:59","date_gmt":"2018-11-20T15:24:59","guid":{"rendered":"https:\/\/eurocontainer.es\/productos\/non%20class\u00e9\/conteneur-iso\/"},"modified":"2025-03-28T11:17:56","modified_gmt":"2025-03-28T11:17:56","slug":"conteneur-iso","status":"publish","type":"product","link":"https:\/\/eurocontainer.es\/fr\/contenedores\/conteneur\/conteneur-iso\/","title":{"rendered":"Conteneur ISO"},"content":{"rendered":"<section id=\"bt_section69d691d58bb77\"  class=\"boldSection gutter \" ><div class=\"port\"><div class=\"boldCell\"><div class=\"boldCellInner\"><div class=\"boldRow \" ><div class=\"boldRowInner\"><div class=\"rowItem col-md-12 col-ms-12  btTextLeft\"  data-width=\"12\"><div class=\"rowItemContent\" ><div class=\"btText\" ><p>Les conteneurs standards ou conteneurs \u00e0 usage g\u00e9n\u00e9ral sont les plus couramment utilis\u00e9s pour le transport de tous types de marchandises. Ferm\u00e9s sur leurs quatre c\u00f4t\u00e9s, ils peuvent \u00eatre fabriqu\u00e9s avec des portes \u00e0 une ou aux deux extr\u00e9mit\u00e9s, selon les besoins.<\/p>\n<p>La standardisation de ces conteneurs est r\u00e9gie par l\u2019Organisation Internationale de Normalisation (ISO), ce qui garantit une meilleure efficacit\u00e9 d\u2019empilage et une manipulation facilit\u00e9e \u00e0 l\u2019aide d\u2019\u00e9lingues et de spreaders.<\/p>\n<\/div><div class=\"bpgPhoto btDefaultHoverType\" ><div class = \"btImage\"><img src=\"https:\/\/eurocontainer.es\/wp-content\/uploads\/2018\/11\/Sin-t\u00c3\u00adtulo-2-1.png\" alt=\"\" title=\"\"><\/div><\/div><\/div><\/div><\/div><\/div><\/div><\/div><\/div><\/section>","protected":false},"excerpt":{"rendered":"<p>Conteneurs utilis\u00e9s dans le transport intermodal de marchandises. Mesures standard 10 &lsquo;, 20&rsquo; ou 40 &lsquo;. Fabrication\u00a0 selon la r\u00e9glementation ISO.<\/p>\n","protected":false},"featured_media":4102,"template":"","meta":[],"product_cat":[118,87],"product_tag":[],"aioseo_notices":[],"_links":{"self":[{"href":"https:\/\/eurocontainer.es\/fr\/wp-json\/wp\/v2\/product\/4101"}],"collection":[{"href":"https:\/\/eurocontainer.es\/fr\/wp-json\/wp\/v2\/product"}],"about":[{"href":"https:\/\/eurocontainer.es\/fr\/wp-json\/wp\/v2\/types\/product"}],"wp:featuredmedia":[{"embeddable":true,"href":"https:\/\/eurocontainer.es\/fr\/wp-json\/wp\/v2\/media\/4102"}],"wp:attachment":[{"href":"https:\/\/eurocontainer.es\/fr\/wp-json\/wp\/v2\/media?parent=4101"}],"wp:term":[{"taxonomy":"product_cat","embeddable":true,"href":"https:\/\/eurocontainer.es\/fr\/wp-json\/wp\/v2\/product_cat?post=4101"},{"taxonomy":"product_tag","embeddable":true,"href":"https:\/\/eurocontainer.es\/fr\/wp-json\/wp\/v2\/product_tag?post=4101"}],"curies":[{"name":"wp","href":"https:\/\/api.w.org\/{rel}","templated":true}]}}