{"id":5921,"date":"2021-02-21T11:23:50","date_gmt":"2021-02-21T11:23:50","guid":{"rendered":"https:\/\/eurocontainer.es\/?post_type=product&#038;p=5921"},"modified":"2025-03-28T14:24:53","modified_gmt":"2025-03-28T14:24:53","slug":"vehicules-de-terminal-maritime","status":"publish","type":"product","link":"https:\/\/eurocontainer.es\/fr\/contenedores\/productos-fr\/vehicules-de-terminal-maritime\/","title":{"rendered":"V\u00e9hicules de Terminal Maritime"},"content":{"rendered":"","protected":false},"excerpt":{"rendered":"<p class=\"\" data-start=\"131\" data-end=\"366\">Les v\u00e9hicules de terminal maritime, \u00e9galement appel\u00e9s tracteurs portuaires ou v\u00e9hicules porte-conteneurs, sont des v\u00e9hicules sp\u00e9cialement con\u00e7us pour les op\u00e9rations portuaires, gr\u00e2ce \u00e0 leur robustesse et leur faible besoin d\u2019entretien.<\/p>\n<p class=\"\" data-start=\"368\" data-end=\"455\">Ils sont \u00e9quip\u00e9s de freins \u00e0 disque, garantissant une excellente stabilit\u00e9 au freinage.<\/p>\n","protected":false},"featured_media":6089,"template":"","meta":[],"product_cat":[118,122],"product_tag":[],"aioseo_notices":[],"_links":{"self":[{"href":"https:\/\/eurocontainer.es\/fr\/wp-json\/wp\/v2\/product\/5921"}],"collection":[{"href":"https:\/\/eurocontainer.es\/fr\/wp-json\/wp\/v2\/product"}],"about":[{"href":"https:\/\/eurocontainer.es\/fr\/wp-json\/wp\/v2\/types\/product"}],"wp:featuredmedia":[{"embeddable":true,"href":"https:\/\/eurocontainer.es\/fr\/wp-json\/wp\/v2\/media\/6089"}],"wp:attachment":[{"href":"https:\/\/eurocontainer.es\/fr\/wp-json\/wp\/v2\/media?parent=5921"}],"wp:term":[{"taxonomy":"product_cat","embeddable":true,"href":"https:\/\/eurocontainer.es\/fr\/wp-json\/wp\/v2\/product_cat?post=5921"},{"taxonomy":"product_tag","embeddable":true,"href":"https:\/\/eurocontainer.es\/fr\/wp-json\/wp\/v2\/product_tag?post=5921"}],"curies":[{"name":"wp","href":"https:\/\/api.w.org\/{rel}","templated":true}]}}