{"id":6192,"date":"2021-02-20T18:51:33","date_gmt":"2021-02-20T18:51:33","guid":{"rendered":"https:\/\/eurocontainer.es\/productos\/non%20class\u00e9\/estructuras\/"},"modified":"2025-03-28T11:24:37","modified_gmt":"2025-03-28T11:24:37","slug":"structures-metalliques","status":"publish","type":"product","link":"https:\/\/eurocontainer.es\/fr\/contenedores\/productos-fr\/structures-metalliques\/","title":{"rendered":"Structures m\u00e9talliques"},"content":{"rendered":"","protected":false},"excerpt":{"rendered":"<p>Structures m\u00e9talliques sur mesure, con\u00e7ues selon les sp\u00e9cifications du client. Elles servent d\u2019installations industrielles dans lesquelles le client installe sa propre unit\u00e9 de production.<\/p>\n<p>Elles pr\u00e9sentent l\u2019avantage de pouvoir \u00eatre transport\u00e9es facilement vers n\u2019importe quel site, ce qui permet de r\u00e9duire les co\u00fbts et les risques.<\/p>\n","protected":false},"featured_media":5744,"template":"","meta":[],"product_cat":[118,121],"product_tag":[],"aioseo_notices":[],"_links":{"self":[{"href":"https:\/\/eurocontainer.es\/fr\/wp-json\/wp\/v2\/product\/6192"}],"collection":[{"href":"https:\/\/eurocontainer.es\/fr\/wp-json\/wp\/v2\/product"}],"about":[{"href":"https:\/\/eurocontainer.es\/fr\/wp-json\/wp\/v2\/types\/product"}],"wp:featuredmedia":[{"embeddable":true,"href":"https:\/\/eurocontainer.es\/fr\/wp-json\/wp\/v2\/media\/5744"}],"wp:attachment":[{"href":"https:\/\/eurocontainer.es\/fr\/wp-json\/wp\/v2\/media?parent=6192"}],"wp:term":[{"taxonomy":"product_cat","embeddable":true,"href":"https:\/\/eurocontainer.es\/fr\/wp-json\/wp\/v2\/product_cat?post=6192"},{"taxonomy":"product_tag","embeddable":true,"href":"https:\/\/eurocontainer.es\/fr\/wp-json\/wp\/v2\/product_tag?post=6192"}],"curies":[{"name":"wp","href":"https:\/\/api.w.org\/{rel}","templated":true}]}}