{"id":6485,"date":"2021-11-29T19:01:51","date_gmt":"2021-11-29T19:01:51","guid":{"rendered":"https:\/\/eurocontainer.es\/?post_type=product&#038;p=6485"},"modified":"2023-03-12T19:56:07","modified_gmt":"2023-03-12T19:56:07","slug":"caisse-mobile-olympia","status":"publish","type":"product","link":"https:\/\/eurocontainer.es\/fr\/contenedores\/caisse-mobile\/caisse-mobile-olympia\/","title":{"rendered":"CAISSE MOBILE OLYMPIA"},"content":{"rendered":"","protected":false},"excerpt":{"rendered":"<p>Bo\u00eete mobile de 45 pieds avec c\u00f4t\u00e9s et toit escamotable en toile. Conception qui permet de charger par les deux portes lat\u00e9rales et aussi par le toit.<\/p>\n","protected":false},"featured_media":6497,"template":"","meta":[],"product_cat":[118,85],"product_tag":[],"aioseo_notices":[],"_links":{"self":[{"href":"https:\/\/eurocontainer.es\/fr\/wp-json\/wp\/v2\/product\/6485"}],"collection":[{"href":"https:\/\/eurocontainer.es\/fr\/wp-json\/wp\/v2\/product"}],"about":[{"href":"https:\/\/eurocontainer.es\/fr\/wp-json\/wp\/v2\/types\/product"}],"wp:featuredmedia":[{"embeddable":true,"href":"https:\/\/eurocontainer.es\/fr\/wp-json\/wp\/v2\/media\/6497"}],"wp:attachment":[{"href":"https:\/\/eurocontainer.es\/fr\/wp-json\/wp\/v2\/media?parent=6485"}],"wp:term":[{"taxonomy":"product_cat","embeddable":true,"href":"https:\/\/eurocontainer.es\/fr\/wp-json\/wp\/v2\/product_cat?post=6485"},{"taxonomy":"product_tag","embeddable":true,"href":"https:\/\/eurocontainer.es\/fr\/wp-json\/wp\/v2\/product_tag?post=6485"}],"curies":[{"name":"wp","href":"https:\/\/api.w.org\/{rel}","templated":true}]}}