{"id":7834,"date":"2024-01-08T14:41:55","date_gmt":"2024-01-08T14:41:55","guid":{"rendered":"https:\/\/eurocontainer.es\/?post_type=product&#038;p=7834"},"modified":"2025-03-28T11:03:57","modified_gmt":"2025-03-28T11:03:57","slug":"conteneurs-a-usage-militaire","status":"publish","type":"product","link":"https:\/\/eurocontainer.es\/fr\/contenedores\/productos-fr\/conteneurs-a-usage-militaire\/","title":{"rendered":"Conteneurs \u00e0 usage militaire"},"content":{"rendered":"","protected":false},"excerpt":{"rendered":"<p>Chez Eurocontainer, nous fabriquons une large gamme de conteneurs et de conteneurs-citernes destin\u00e9s aux forces arm\u00e9es et aux unit\u00e9s militaires d\u2019urgence de diff\u00e9rents pays.<\/p>\n<p>Ces conteneurs sont utilis\u00e9s comme centres m\u00e9dicaux, laboratoires, cuisines, ou pour le transport de divers \u00e9quipements militaires.<\/p>\n<p>Les conteneurs-citernes sont g\u00e9n\u00e9ralement utilis\u00e9s pour le transport d\u2019eau potable et de carburant afin de ravitailler les diff\u00e9rents v\u00e9hicules militaires.<\/p>\n<p>Dans de nombreux cas, ces conteneurs sont \u00e9quip\u00e9s d\u2019un crochet, gr\u00e2ce au syst\u00e8me d\u2019attelage Vempar, qui permet leur chargement et d\u00e9chargement en tout lieu, sans avoir besoin de grue ni de chariot \u00e9l\u00e9vateur externe \u2013 un simple camion avec bras porte-conteneur suffit.<\/p>\n","protected":false},"featured_media":7837,"template":"","meta":[],"product_cat":[118],"product_tag":[],"aioseo_notices":[],"_links":{"self":[{"href":"https:\/\/eurocontainer.es\/fr\/wp-json\/wp\/v2\/product\/7834"}],"collection":[{"href":"https:\/\/eurocontainer.es\/fr\/wp-json\/wp\/v2\/product"}],"about":[{"href":"https:\/\/eurocontainer.es\/fr\/wp-json\/wp\/v2\/types\/product"}],"wp:featuredmedia":[{"embeddable":true,"href":"https:\/\/eurocontainer.es\/fr\/wp-json\/wp\/v2\/media\/7837"}],"wp:attachment":[{"href":"https:\/\/eurocontainer.es\/fr\/wp-json\/wp\/v2\/media?parent=7834"}],"wp:term":[{"taxonomy":"product_cat","embeddable":true,"href":"https:\/\/eurocontainer.es\/fr\/wp-json\/wp\/v2\/product_cat?post=7834"},{"taxonomy":"product_tag","embeddable":true,"href":"https:\/\/eurocontainer.es\/fr\/wp-json\/wp\/v2\/product_tag?post=7834"}],"curies":[{"name":"wp","href":"https:\/\/api.w.org\/{rel}","templated":true}]}}