{"id":8020,"date":"2024-01-24T09:27:22","date_gmt":"2024-01-24T09:27:22","guid":{"rendered":"https:\/\/eurocontainer.es\/?post_type=product&#038;p=8020"},"modified":"2025-03-28T10:58:58","modified_gmt":"2025-03-28T10:58:58","slug":"conteneurs-pour-le-transport-de-vehicules","status":"publish","type":"product","link":"https:\/\/eurocontainer.es\/fr\/contenedores\/conteneur\/conteneurs-pour-le-transport-de-vehicules\/","title":{"rendered":"Conteneurs pour le Transport de V\u00e9hicules"},"content":{"rendered":"","protected":false},"excerpt":{"rendered":"<p>Chez Eurocontainer, nous fabriquons diff\u00e9rents \u00e9quipements sp\u00e9ciaux pour le transport de voitures ou de v\u00e9hicules. Des \u00e9quipements tels que des conteneurs Nipon, des conteneurs Open Side, des Flat Racks, ou des m\u00e9ga-conteneurs \u00e0 double niveau.<\/p>\n<p>Ces conteneurs porte-voitures sont toujours con\u00e7us et fabriqu\u00e9s en fonction des besoins sp\u00e9cifiques de chaque client.<\/p>\n","protected":false},"featured_media":8026,"template":"","meta":[],"product_cat":[118,87],"product_tag":[],"aioseo_notices":[],"_links":{"self":[{"href":"https:\/\/eurocontainer.es\/fr\/wp-json\/wp\/v2\/product\/8020"}],"collection":[{"href":"https:\/\/eurocontainer.es\/fr\/wp-json\/wp\/v2\/product"}],"about":[{"href":"https:\/\/eurocontainer.es\/fr\/wp-json\/wp\/v2\/types\/product"}],"wp:featuredmedia":[{"embeddable":true,"href":"https:\/\/eurocontainer.es\/fr\/wp-json\/wp\/v2\/media\/8026"}],"wp:attachment":[{"href":"https:\/\/eurocontainer.es\/fr\/wp-json\/wp\/v2\/media?parent=8020"}],"wp:term":[{"taxonomy":"product_cat","embeddable":true,"href":"https:\/\/eurocontainer.es\/fr\/wp-json\/wp\/v2\/product_cat?post=8020"},{"taxonomy":"product_tag","embeddable":true,"href":"https:\/\/eurocontainer.es\/fr\/wp-json\/wp\/v2\/product_tag?post=8020"}],"curies":[{"name":"wp","href":"https:\/\/api.w.org\/{rel}","templated":true}]}}