{"id":8085,"date":"2024-03-17T13:12:38","date_gmt":"2024-03-17T13:12:38","guid":{"rendered":"https:\/\/eurocontainer.es\/?post_type=product&#038;p=8085"},"modified":"2025-12-05T17:46:06","modified_gmt":"2025-12-05T17:46:06","slug":"fourgons-p400","status":"publish","type":"product","link":"https:\/\/eurocontainer.es\/fr\/contenedores\/fourgon\/fourgons-p400\/","title":{"rendered":"Fourgons P400"},"content":{"rendered":"","protected":false},"excerpt":{"rendered":"<p>Les v\u00e9hicules P400 sont la solution id\u00e9ale pour le transport combin\u00e9 (rail-route) de v\u00eatements suspendus. Ils sont \u00e9quip\u00e9s \u00e0 l\u2019int\u00e9rieur de plaques galvanis\u00e9es \u00e0 trous oblongs ou de cr\u00e9maill\u00e8res permettant de fixer les barres porte-v\u00eatements.<\/p>\n<p>Ces fourgons P400 disposent de pinces lat\u00e9rales permettant leur levage par des moyens m\u00e9caniques pour le chargement sur wagon.<\/p>\n<p>De plus, leurs ch\u00e2ssis et suspensions sont renforc\u00e9s afin d\u2019\u00e9viter tout dommage lors du levage et du d\u00e9chargement.<\/p>\n<p>Ces semi-remorques sont adapt\u00e9s au transport routier, ferroviaire, maritime et a\u00e9rien.<\/p>\n","protected":false},"featured_media":8127,"template":"","meta":[],"product_cat":[118,88],"product_tag":[],"aioseo_notices":[],"_links":{"self":[{"href":"https:\/\/eurocontainer.es\/fr\/wp-json\/wp\/v2\/product\/8085"}],"collection":[{"href":"https:\/\/eurocontainer.es\/fr\/wp-json\/wp\/v2\/product"}],"about":[{"href":"https:\/\/eurocontainer.es\/fr\/wp-json\/wp\/v2\/types\/product"}],"wp:featuredmedia":[{"embeddable":true,"href":"https:\/\/eurocontainer.es\/fr\/wp-json\/wp\/v2\/media\/8127"}],"wp:attachment":[{"href":"https:\/\/eurocontainer.es\/fr\/wp-json\/wp\/v2\/media?parent=8085"}],"wp:term":[{"taxonomy":"product_cat","embeddable":true,"href":"https:\/\/eurocontainer.es\/fr\/wp-json\/wp\/v2\/product_cat?post=8085"},{"taxonomy":"product_tag","embeddable":true,"href":"https:\/\/eurocontainer.es\/fr\/wp-json\/wp\/v2\/product_tag?post=8085"}],"curies":[{"name":"wp","href":"https:\/\/api.w.org\/{rel}","templated":true}]}}