{"id":8885,"date":"2024-08-06T13:15:27","date_gmt":"2024-08-06T13:15:27","guid":{"rendered":"https:\/\/eurocontainer.es\/?post_type=product&#038;p=8885"},"modified":"2024-12-30T17:06:41","modified_gmt":"2024-12-30T17:06:41","slug":"reservoirs-portables","status":"publish","type":"product","link":"https:\/\/eurocontainer.es\/fr\/contenedores\/productos-fr\/reservoirs-portables\/","title":{"rendered":"R\u00e9servoirs Portables"},"content":{"rendered":"","protected":false},"excerpt":{"rendered":"<p>Con\u00e7us et fabriqu\u00e9s pour le transport de produits chimiques, qu&rsquo;ils soient corrosifs ou non. Id\u00e9aux pour les environnements de laboratoire.<\/p>\n<ul>\n<li>Diff\u00e9rentes versions disponibles : 1 500 litres, 460 litres ou 120 litres de capacit\u00e9.<\/li>\n<li>Fabriqu\u00e9s en acier inoxydable ou en acier au carbone.<\/li>\n<li>Possibilit\u00e9 de rev\u00eatement int\u00e9rieur pour le transport de produits chimiques corrosifs.<\/li>\n<\/ul>\n","protected":false},"featured_media":8900,"template":"","meta":[],"product_cat":[118],"product_tag":[],"aioseo_notices":[],"_links":{"self":[{"href":"https:\/\/eurocontainer.es\/fr\/wp-json\/wp\/v2\/product\/8885"}],"collection":[{"href":"https:\/\/eurocontainer.es\/fr\/wp-json\/wp\/v2\/product"}],"about":[{"href":"https:\/\/eurocontainer.es\/fr\/wp-json\/wp\/v2\/types\/product"}],"wp:featuredmedia":[{"embeddable":true,"href":"https:\/\/eurocontainer.es\/fr\/wp-json\/wp\/v2\/media\/8900"}],"wp:attachment":[{"href":"https:\/\/eurocontainer.es\/fr\/wp-json\/wp\/v2\/media?parent=8885"}],"wp:term":[{"taxonomy":"product_cat","embeddable":true,"href":"https:\/\/eurocontainer.es\/fr\/wp-json\/wp\/v2\/product_cat?post=8885"},{"taxonomy":"product_tag","embeddable":true,"href":"https:\/\/eurocontainer.es\/fr\/wp-json\/wp\/v2\/product_tag?post=8885"}],"curies":[{"name":"wp","href":"https:\/\/api.w.org\/{rel}","templated":true}]}}