{"id":9051,"date":"2024-08-08T09:34:20","date_gmt":"2024-08-08T09:34:20","guid":{"rendered":"https:\/\/eurocontainer.es\/?post_type=product&#038;p=9051"},"modified":"2024-08-08T09:58:17","modified_gmt":"2024-08-08T09:58:17","slug":"adr-bituconteneur","status":"publish","type":"product","link":"https:\/\/eurocontainer.es\/fr\/contenedores\/conteneur\/adr-bituconteneur\/","title":{"rendered":"ADR Bituconteneur"},"content":{"rendered":"","protected":false},"excerpt":{"rendered":"<p>Id\u00e9al pour transporter et stocker le bitume jusqu&rsquo;\u00e0 ce que son utilisation soit n\u00e9cessaire. Le bitume peut \u00eatre transport\u00e9 sous forme liquide aussi bien par route que par rail.<\/p>\n<p>Conteneur qui se distingue par son chauffage rapide du bitume pour faciliter le d\u00e9chargement ainsi que par sa capacit\u00e9 minimale de TARE et maximale de CHARGEMENT, \u00e9tant le meilleur conteneur du march\u00e9 pour une telle utilisation.<\/p>\n","protected":false},"featured_media":9055,"template":"","meta":[],"product_cat":[118,87],"product_tag":[],"aioseo_notices":[],"_links":{"self":[{"href":"https:\/\/eurocontainer.es\/fr\/wp-json\/wp\/v2\/product\/9051"}],"collection":[{"href":"https:\/\/eurocontainer.es\/fr\/wp-json\/wp\/v2\/product"}],"about":[{"href":"https:\/\/eurocontainer.es\/fr\/wp-json\/wp\/v2\/types\/product"}],"wp:featuredmedia":[{"embeddable":true,"href":"https:\/\/eurocontainer.es\/fr\/wp-json\/wp\/v2\/media\/9055"}],"wp:attachment":[{"href":"https:\/\/eurocontainer.es\/fr\/wp-json\/wp\/v2\/media?parent=9051"}],"wp:term":[{"taxonomy":"product_cat","embeddable":true,"href":"https:\/\/eurocontainer.es\/fr\/wp-json\/wp\/v2\/product_cat?post=9051"},{"taxonomy":"product_tag","embeddable":true,"href":"https:\/\/eurocontainer.es\/fr\/wp-json\/wp\/v2\/product_tag?post=9051"}],"curies":[{"name":"wp","href":"https:\/\/api.w.org\/{rel}","templated":true}]}}