{"id":9123,"date":"2024-08-08T15:32:37","date_gmt":"2024-08-08T15:32:37","guid":{"rendered":"https:\/\/eurocontainer.es\/?post_type=product&#038;p=9123"},"modified":"2025-03-28T10:39:00","modified_gmt":"2025-03-28T10:39:00","slug":"conteneurs-a-double-etage","status":"publish","type":"product","link":"https:\/\/eurocontainer.es\/fr\/contenedores\/conteneur\/conteneurs-a-double-etage\/","title":{"rendered":"Conteneurs \u00e0 double plancher"},"content":{"rendered":"","protected":false},"excerpt":{"rendered":"<p>Conteneurs con\u00e7us pour optimiser enti\u00e8rement la capacit\u00e9 volumique de chargement interne.<\/p>\n<p>Les conteneurs \u00e0 double plancher peuvent \u00eatre \u00e9quip\u00e9s de barres ou non, selon les besoins du client.<\/p>\n","protected":false},"featured_media":9126,"template":"","meta":[],"product_cat":[118,87],"product_tag":[],"aioseo_notices":[],"_links":{"self":[{"href":"https:\/\/eurocontainer.es\/fr\/wp-json\/wp\/v2\/product\/9123"}],"collection":[{"href":"https:\/\/eurocontainer.es\/fr\/wp-json\/wp\/v2\/product"}],"about":[{"href":"https:\/\/eurocontainer.es\/fr\/wp-json\/wp\/v2\/types\/product"}],"wp:featuredmedia":[{"embeddable":true,"href":"https:\/\/eurocontainer.es\/fr\/wp-json\/wp\/v2\/media\/9126"}],"wp:attachment":[{"href":"https:\/\/eurocontainer.es\/fr\/wp-json\/wp\/v2\/media?parent=9123"}],"wp:term":[{"taxonomy":"product_cat","embeddable":true,"href":"https:\/\/eurocontainer.es\/fr\/wp-json\/wp\/v2\/product_cat?post=9123"},{"taxonomy":"product_tag","embeddable":true,"href":"https:\/\/eurocontainer.es\/fr\/wp-json\/wp\/v2\/product_tag?post=9123"}],"curies":[{"name":"wp","href":"https:\/\/api.w.org\/{rel}","templated":true}]}}