{"id":9522,"date":"2024-10-30T07:33:59","date_gmt":"2024-10-30T07:33:59","guid":{"rendered":"https:\/\/eurocontainer.es\/?post_type=product&#038;p=9522"},"modified":"2024-10-30T08:29:07","modified_gmt":"2024-10-30T08:29:07","slug":"caisses-mobiles-a-bobines","status":"publish","type":"product","link":"https:\/\/eurocontainer.es\/fr\/contenedores\/caisse-mobile\/caisses-mobiles-a-bobines\/","title":{"rendered":"Caisses mobiles \u00e0 bobines"},"content":{"rendered":"","protected":false},"excerpt":{"rendered":"<p>Caisse mobile de 45 ft avec c\u00f4t\u00e9s en toile et toit en toile r\u00e9tractable.<\/p>\n<p>Equip\u00e9 pour le transport intermodal de bobines d&rsquo;acier. Conception permettant le chargement par les portes, les c\u00f4t\u00e9s et le toit.<\/p>\n","protected":false},"featured_media":9540,"template":"","meta":[],"product_cat":[118,85],"product_tag":[],"aioseo_notices":[],"_links":{"self":[{"href":"https:\/\/eurocontainer.es\/fr\/wp-json\/wp\/v2\/product\/9522"}],"collection":[{"href":"https:\/\/eurocontainer.es\/fr\/wp-json\/wp\/v2\/product"}],"about":[{"href":"https:\/\/eurocontainer.es\/fr\/wp-json\/wp\/v2\/types\/product"}],"wp:featuredmedia":[{"embeddable":true,"href":"https:\/\/eurocontainer.es\/fr\/wp-json\/wp\/v2\/media\/9540"}],"wp:attachment":[{"href":"https:\/\/eurocontainer.es\/fr\/wp-json\/wp\/v2\/media?parent=9522"}],"wp:term":[{"taxonomy":"product_cat","embeddable":true,"href":"https:\/\/eurocontainer.es\/fr\/wp-json\/wp\/v2\/product_cat?post=9522"},{"taxonomy":"product_tag","embeddable":true,"href":"https:\/\/eurocontainer.es\/fr\/wp-json\/wp\/v2\/product_tag?post=9522"}],"curies":[{"name":"wp","href":"https:\/\/api.w.org\/{rel}","templated":true}]}}