{"id":9747,"date":"2023-04-04T08:26:42","date_gmt":"2023-04-04T08:26:42","guid":{"rendered":"https:\/\/eurocontainer.es\/?post_type=product&#038;p=9747"},"modified":"2024-12-30T16:48:14","modified_gmt":"2024-12-30T16:48:14","slug":"belly-tanks","status":"publish","type":"product","link":"https:\/\/eurocontainer.es\/fr\/contenedores\/productos-fr\/belly-tanks\/","title":{"rendered":"Belly Tanks"},"content":{"rendered":"","protected":false},"excerpt":{"rendered":"<p>Il s&rsquo;agit de r\u00e9servoirs \u00e0 double paroi de forme carr\u00e9e avec des dimensions adaptables en fonction des besoins du client.<\/p>\n<p>Ils servent de r\u00e9servoirs pour l&rsquo;eau, les carburants, le bitume, etc.<\/p>\n<p>Fabriqu\u00e9s selon les sp\u00e9cifications du client.<\/p>\n","protected":false},"featured_media":7221,"template":"","meta":[],"product_cat":[118],"product_tag":[],"aioseo_notices":[],"_links":{"self":[{"href":"https:\/\/eurocontainer.es\/fr\/wp-json\/wp\/v2\/product\/9747"}],"collection":[{"href":"https:\/\/eurocontainer.es\/fr\/wp-json\/wp\/v2\/product"}],"about":[{"href":"https:\/\/eurocontainer.es\/fr\/wp-json\/wp\/v2\/types\/product"}],"wp:featuredmedia":[{"embeddable":true,"href":"https:\/\/eurocontainer.es\/fr\/wp-json\/wp\/v2\/media\/7221"}],"wp:attachment":[{"href":"https:\/\/eurocontainer.es\/fr\/wp-json\/wp\/v2\/media?parent=9747"}],"wp:term":[{"taxonomy":"product_cat","embeddable":true,"href":"https:\/\/eurocontainer.es\/fr\/wp-json\/wp\/v2\/product_cat?post=9747"},{"taxonomy":"product_tag","embeddable":true,"href":"https:\/\/eurocontainer.es\/fr\/wp-json\/wp\/v2\/product_tag?post=9747"}],"curies":[{"name":"wp","href":"https:\/\/api.w.org\/{rel}","templated":true}]}}